{"id":2444,"date":"2022-07-07T09:35:54","date_gmt":"2022-07-07T07:35:54","guid":{"rendered":"https:\/\/extremeneria.com\/?page_id=2444"},"modified":"2025-01-27T12:08:33","modified_gmt":"2025-01-27T11:08:33","slug":"junta-directiva","status":"publish","type":"page","link":"https:\/\/extremeneria.com\/index.php\/quienes-somos\/junta-directiva\/","title":{"rendered":"Junta Directiva"},"content":{"rendered":"\n<p class=\"has-medium-font-size\"><\/p>\n\n\n\n<div class=\"wp-block-columns is-layout-flex wp-container-core-columns-is-layout-3 wp-block-columns-is-layout-flex\">\n<div class=\"wp-block-column is-layout-flow wp-block-column-is-layout-flow\">\n<div class=\"wp-block-columns is-layout-flex wp-container-core-columns-is-layout-1 wp-block-columns-is-layout-flex\">\n<div class=\"wp-block-column is-layout-flow wp-block-column-is-layout-flow\" style=\"flex-basis:33.33%\"><div class=\"wp-block-image is-style-rounded\">\n<figure class=\"aligncenter size-full\"><img loading=\"lazy\" decoding=\"async\" width=\"1125\" height=\"1280\" src=\"https:\/\/extremeneria.com\/wp-content\/uploads\/2025\/01\/gemma_ganan_leon-2.jpg\" alt=\"\" class=\"wp-image-4203\" style=\"aspect-ratio:9\/16;object-fit:cover\" srcset=\"https:\/\/extremeneria.com\/wp-content\/uploads\/2025\/01\/gemma_ganan_leon-2.jpg 1125w, https:\/\/extremeneria.com\/wp-content\/uploads\/2025\/01\/gemma_ganan_leon-2-264x300.jpg 264w, https:\/\/extremeneria.com\/wp-content\/uploads\/2025\/01\/gemma_ganan_leon-2-900x1024.jpg 900w, https:\/\/extremeneria.com\/wp-content\/uploads\/2025\/01\/gemma_ganan_leon-2-768x874.jpg 768w\" sizes=\"auto, (max-width: 1125px) 100vw, 1125px\" \/><\/figure><\/div><\/div>\n\n\n\n<div class=\"wp-block-column is-layout-flow wp-block-column-is-layout-flow\" style=\"flex-basis:66.66%\">\n<p><strong><span class=\"has-inline-color has-accent-color\">PRESIDENCIA<\/span><\/strong>.<\/p>\n\n\n\n<p><strong><mark style=\"background-color:rgba(0, 0, 0, 0)\" class=\"has-inline-color has-dark-gray-color\">Gemma Ga\u00f1\u00e1n Le\u00f3n.<\/mark><\/strong><\/p>\n\n\n\n<p class=\"has-text-align-justify\">Terapeuta Ocupacional y t\u00e9cnica de igualdad. Rurala. Nacida en el sur extreme\u00f1o. Viviendo en la di\u00e1spora y luchando por la tierra.<\/p>\n\n\n\n<p><\/p>\n\n\n\n<p><\/p>\n<\/div>\n<\/div>\n<\/div>\n\n\n\n<div class=\"wp-block-column is-layout-flow wp-block-column-is-layout-flow\">\n<div class=\"wp-block-columns is-layout-flex wp-container-core-columns-is-layout-2 wp-block-columns-is-layout-flex\">\n<div class=\"wp-block-column is-vertically-aligned-top is-layout-flow wp-block-column-is-layout-flow\" style=\"flex-basis:33.33%\"><div class=\"wp-block-image is-style-rounded\">\n<figure class=\"aligncenter size-full\"><img loading=\"lazy\" decoding=\"async\" width=\"756\" height=\"756\" src=\"https:\/\/extremeneria.com\/wp-content\/uploads\/2022\/07\/Victor-Caballero.png\" alt=\"\" class=\"wp-image-2529\" style=\"aspect-ratio:9\/16;object-fit:cover\" srcset=\"https:\/\/extremeneria.com\/wp-content\/uploads\/2022\/07\/Victor-Caballero.png 756w, https:\/\/extremeneria.com\/wp-content\/uploads\/2022\/07\/Victor-Caballero-300x300.png 300w, https:\/\/extremeneria.com\/wp-content\/uploads\/2022\/07\/Victor-Caballero-150x150.png 150w\" sizes=\"auto, (max-width: 756px) 100vw, 756px\" \/><\/figure><\/div><\/div>\n\n\n\n<div class=\"wp-block-column is-layout-flow wp-block-column-is-layout-flow\" style=\"flex-basis:66.66%\">\n<p><strong><mark style=\"background-color:rgba(0, 0, 0, 0)\" class=\"has-inline-color has-accent-color\">VICEPRESIDENCIA Y COORDINACI\u00d3N DE REFLEXI\u00d3N.<\/mark><\/strong><\/p>\n\n\n\n<p><strong><mark style=\"background-color:rgba(0, 0, 0, 0)\" class=\"has-inline-color has-dark-gray-color\"><strong><mark style=\"background-color:rgba(0, 0, 0, 0)\" class=\"has-inline-color has-dark-gray-color\"><strong><mark style=\"background-color:rgba(0, 0, 0, 0)\" class=\"has-inline-color has-dark-gray-color\"><strong><mark style=\"background-color:rgba(0, 0, 0, 0)\" class=\"has-inline-color has-dark-gray-color\">V\u00edctor Caballero Cordero.<\/mark><\/strong><\/mark><\/strong><\/mark><\/strong><\/mark><\/strong><\/p>\n\n\n\n<p class=\"has-text-align-justify\"><span style=\"text-align: justify; word-spacing: normal;\">Jurista y Economista. Doctorando en la Universitat de Barcelona, donde investiga las causas de las desigualdades econ\u00f3micas regionales. Natural de Moraleja, pero residente de Madrid.<\/span><\/p>\n\n\n\n<p class=\"has-text-align-justify\"><\/p>\n<\/div>\n<\/div>\n<\/div>\n<\/div>\n\n\n\n<div style=\"height:40px\" aria-hidden=\"true\" class=\"wp-block-spacer\"><\/div>\n\n\n\n<div class=\"wp-block-columns is-layout-flex wp-container-core-columns-is-layout-6 wp-block-columns-is-layout-flex\">\n<div class=\"wp-block-column is-layout-flow wp-block-column-is-layout-flow\">\n<div class=\"wp-block-columns is-layout-flex wp-container-core-columns-is-layout-4 wp-block-columns-is-layout-flex\">\n<div class=\"wp-block-column is-layout-flow wp-block-column-is-layout-flow\" style=\"flex-basis:33.33%\"><div class=\"wp-block-image is-style-rounded\">\n<figure class=\"aligncenter size-full\"><img loading=\"lazy\" decoding=\"async\" width=\"957\" height=\"959\" src=\"https:\/\/extremeneria.com\/wp-content\/uploads\/2022\/06\/Alain-Presentacion.png\" alt=\"\" class=\"wp-image-2489\" style=\"aspect-ratio:9\/16;object-fit:cover\" srcset=\"https:\/\/extremeneria.com\/wp-content\/uploads\/2022\/06\/Alain-Presentacion.png 957w, https:\/\/extremeneria.com\/wp-content\/uploads\/2022\/06\/Alain-Presentacion-300x300.png 300w, https:\/\/extremeneria.com\/wp-content\/uploads\/2022\/06\/Alain-Presentacion-150x150.png 150w, https:\/\/extremeneria.com\/wp-content\/uploads\/2022\/06\/Alain-Presentacion-768x770.png 768w\" sizes=\"auto, (max-width: 957px) 100vw, 957px\" \/><\/figure><\/div><\/div>\n\n\n\n<div class=\"wp-block-column is-layout-flow wp-block-column-is-layout-flow\" style=\"flex-basis:66.66%\">\n<p><strong><span class=\"has-inline-color has-accent-color\">SECRETAR\u00cdA Y COORDINACI\u00d3N DE COMUNICACI\u00d3N.<\/span><\/strong><\/p>\n\n\n\n<p><strong><span class=\"has-inline-color has-dark-gray-color\">Alain Presentaci\u00f3n Mu\u00f1oz.<\/span><\/strong><\/p>\n\n\n\n<p class=\"has-text-align-justify\">Maestro de Educaci\u00f3n F\u00edsica. Investigador predoctoral en la Universidad de Extremadura, investigando sobre innovaci\u00f3n educativa a trav\u00e9s de los videojuegos. Anteriormente, activista estudiantil. Nacido en Bilbao, pero residente en Plasencia.<\/p>\n\n\n\n<p><\/p>\n\n\n\n<p><\/p>\n<\/div>\n<\/div>\n<\/div>\n\n\n\n<div class=\"wp-block-column is-layout-flow wp-block-column-is-layout-flow\">\n<div class=\"wp-block-columns is-layout-flex wp-container-core-columns-is-layout-5 wp-block-columns-is-layout-flex\">\n<div class=\"wp-block-column is-layout-flow wp-block-column-is-layout-flow\" style=\"flex-basis:33.33%\">\n<figure class=\"wp-block-image size-full is-style-rounded\"><img loading=\"lazy\" decoding=\"async\" width=\"1200\" height=\"1600\" src=\"https:\/\/extremeneria.com\/wp-content\/uploads\/2025\/01\/lucia-1.jpg\" alt=\"\" class=\"wp-image-4208\" style=\"aspect-ratio:9\/16;object-fit:cover\" srcset=\"https:\/\/extremeneria.com\/wp-content\/uploads\/2025\/01\/lucia-1.jpg 1200w, https:\/\/extremeneria.com\/wp-content\/uploads\/2025\/01\/lucia-1-225x300.jpg 225w, https:\/\/extremeneria.com\/wp-content\/uploads\/2025\/01\/lucia-1-768x1024.jpg 768w, https:\/\/extremeneria.com\/wp-content\/uploads\/2025\/01\/lucia-1-1152x1536.jpg 1152w\" sizes=\"auto, (max-width: 1200px) 100vw, 1200px\" \/><\/figure>\n<\/div>\n\n\n\n<div class=\"wp-block-column is-layout-flow wp-block-column-is-layout-flow\" style=\"flex-basis:66.66%\">\n<p><strong><mark style=\"background-color:rgba(0, 0, 0, 0)\" class=\"has-inline-color has-accent-color\">TESORER\u00cdA.<\/mark><\/strong><\/p>\n\n\n\n<p><strong><mark style=\"background-color:rgba(0, 0, 0, 0)\" class=\"has-inline-color has-dark-gray-color\">Luc\u00eda Ortiz Rodr\u00edguez. <\/mark><\/strong><\/p>\n\n\n\n<p class=\"has-text-align-justify\">Ingeniera aeroespacial y futura profesora en busca de volver a su tierra, Extremadura. Nacida en Zafra, temporalmente residente en Granada. Luchando por lo que fuimos, somos y seremos.<\/p>\n\n\n\n<p><\/p>\n<\/div>\n<\/div>\n<\/div>\n<\/div>\n\n\n\n<div style=\"height:40px\" aria-hidden=\"true\" class=\"wp-block-spacer\"><\/div>\n\n\n\n<div class=\"wp-block-columns is-layout-flex wp-container-core-columns-is-layout-9 wp-block-columns-is-layout-flex\">\n<div class=\"wp-block-column is-layout-flow wp-block-column-is-layout-flow\">\n<div class=\"wp-block-columns is-layout-flex wp-container-core-columns-is-layout-7 wp-block-columns-is-layout-flex\">\n<div class=\"wp-block-column is-layout-flow wp-block-column-is-layout-flow\" style=\"flex-basis:33.33%\"><div class=\"wp-block-image is-style-rounded\">\n<figure class=\"aligncenter size-full\"><img loading=\"lazy\" decoding=\"async\" width=\"877\" height=\"878\" src=\"https:\/\/extremeneria.com\/wp-content\/uploads\/2024\/04\/Veronica-Diaz-Pinas.png\" alt=\"\" class=\"wp-image-4079\" style=\"aspect-ratio:9\/16;object-fit:cover\" srcset=\"https:\/\/extremeneria.com\/wp-content\/uploads\/2024\/04\/Veronica-Diaz-Pinas.png 877w, https:\/\/extremeneria.com\/wp-content\/uploads\/2024\/04\/Veronica-Diaz-Pinas-300x300.png 300w, https:\/\/extremeneria.com\/wp-content\/uploads\/2024\/04\/Veronica-Diaz-Pinas-150x150.png 150w, https:\/\/extremeneria.com\/wp-content\/uploads\/2024\/04\/Veronica-Diaz-Pinas-768x769.png 768w\" sizes=\"auto, (max-width: 877px) 100vw, 877px\" \/><\/figure><\/div><\/div>\n\n\n\n<div class=\"wp-block-column is-layout-flow wp-block-column-is-layout-flow\" style=\"flex-basis:66.66%\">\n<p><strong><span class=\"has-inline-color has-accent-color\">COORDINACI\u00d3N EXTREME\u00d1ER\u00cdA INTERIOR.<\/span><\/strong><\/p>\n\n\n\n<p><strong><mark style=\"background-color:rgba(0, 0, 0, 0)\" class=\"has-inline-color has-dark-gray-color\">Ver\u00f3nica D\u00edaz Pi\u00f1as.<\/mark><\/strong> <\/p>\n\n\n\n<p class=\"has-text-align-justify\">Licencada en Historia por la Universidad de Extremadura, MBA por ICADE. Reci\u00e9n retornada a la tierra, luchando por los derechos sociales.<\/p>\n<\/div>\n<\/div>\n<\/div>\n\n\n\n<div class=\"wp-block-column is-layout-flow wp-block-column-is-layout-flow\">\n<div class=\"wp-block-columns is-layout-flex wp-container-core-columns-is-layout-8 wp-block-columns-is-layout-flex\">\n<div class=\"wp-block-column is-layout-flow wp-block-column-is-layout-flow\" style=\"flex-basis:33.33%\"><\/div>\n\n\n\n<div class=\"wp-block-column is-layout-flow wp-block-column-is-layout-flow\" style=\"flex-basis:66.66%\">\n<p class=\"has-text-align-justify\"><\/p>\n<\/div>\n<\/div>\n<\/div>\n<\/div>\n\n\n\n<div style=\"height:40px\" aria-hidden=\"true\" class=\"wp-block-spacer\"><\/div>\n\n\n\n<div style=\"height:40px\" aria-hidden=\"true\" class=\"wp-block-spacer\"><\/div>\n\n\n\n<div class=\"wp-block-columns is-layout-flex wp-container-core-columns-is-layout-11 wp-block-columns-is-layout-flex\">\n<div class=\"wp-block-column is-layout-flow wp-block-column-is-layout-flow\">\n<div class=\"wp-block-columns is-layout-flex wp-container-core-columns-is-layout-10 wp-block-columns-is-layout-flex\">\n<div class=\"wp-block-column is-layout-flow wp-block-column-is-layout-flow\" style=\"flex-basis:33.33%\"><\/div>\n\n\n\n<div class=\"wp-block-column is-layout-flow wp-block-column-is-layout-flow\" style=\"flex-basis:66.66%\"><\/div>\n<\/div>\n<\/div>\n\n\n\n<div class=\"wp-block-column is-layout-flow wp-block-column-is-layout-flow\"><\/div>\n<\/div>\n\n\n\n<div style=\"height:40px\" aria-hidden=\"true\" class=\"wp-block-spacer\"><\/div>\n\n\n\n<p><\/p>\n","protected":false},"excerpt":{"rendered":"<p>PRESIDENCIA. Gemma Ga\u00f1\u00e1n Le\u00f3n. Terapeuta Ocupacional y t\u00e9cnica de igualdad. Rurala. Nacida en el sur extreme\u00f1o. Viviendo en la di\u00e1spora y luchando por la tierra. VICEPRESIDENCIA Y COORDINACI\u00d3N DE REFLEXI\u00d3N. V\u00edctor Caballero Cordero. Jurista y Economista. Doctorando en la Universitat de Barcelona, donde investiga las causas de las desigualdades econ\u00f3micas regionales. Natural de Moraleja, pero&hellip;<\/p>\n","protected":false},"author":3,"featured_media":0,"parent":56,"menu_order":0,"comment_status":"closed","ping_status":"closed","template":"","meta":[],"class_list":["post-2444","page","type-page","status-publish","hentry","description-off"],"_links":{"self":[{"href":"https:\/\/extremeneria.com\/index.php\/wp-json\/wp\/v2\/pages\/2444","targetHints":{"allow":["GET"]}}],"collection":[{"href":"https:\/\/extremeneria.com\/index.php\/wp-json\/wp\/v2\/pages"}],"about":[{"href":"https:\/\/extremeneria.com\/index.php\/wp-json\/wp\/v2\/types\/page"}],"author":[{"embeddable":true,"href":"https:\/\/extremeneria.com\/index.php\/wp-json\/wp\/v2\/users\/3"}],"replies":[{"embeddable":true,"href":"https:\/\/extremeneria.com\/index.php\/wp-json\/wp\/v2\/comments?post=2444"}],"version-history":[{"count":96,"href":"https:\/\/extremeneria.com\/index.php\/wp-json\/wp\/v2\/pages\/2444\/revisions"}],"predecessor-version":[{"id":4211,"href":"https:\/\/extremeneria.com\/index.php\/wp-json\/wp\/v2\/pages\/2444\/revisions\/4211"}],"up":[{"embeddable":true,"href":"https:\/\/extremeneria.com\/index.php\/wp-json\/wp\/v2\/pages\/56"}],"wp:attachment":[{"href":"https:\/\/extremeneria.com\/index.php\/wp-json\/wp\/v2\/media?parent=2444"}],"curies":[{"name":"wp","href":"https:\/\/api.w.org\/{rel}","templated":true}]}}