{"id":2619,"date":"2022-08-03T19:24:19","date_gmt":"2022-08-03T17:24:19","guid":{"rendered":"https:\/\/extremeneria.com\/?page_id=2619"},"modified":"2023-04-19T16:27:35","modified_gmt":"2023-04-19T14:27:35","slug":"nuestros-decalogos","status":"publish","type":"page","link":"https:\/\/extremeneria.com\/index.php\/quienes-somos\/nuestros-decalogos\/","title":{"rendered":"Nuestros Dec\u00e1logos"},"content":{"rendered":"\n<div class=\"wp-block-columns is-layout-flex wp-container-core-columns-is-layout-1 wp-block-columns-is-layout-flex\">\n<div class=\"wp-block-column is-layout-flow wp-block-column-is-layout-flow\"><div class=\"wp-block-image\">\n<figure class=\"aligncenter size-large is-resized\"><a href=\"https:\/\/extremeneria.com\/index.php\/2022\/10\/22\/decalogo-de-extremenismo\/\"><img loading=\"lazy\" decoding=\"async\" src=\"https:\/\/extremeneria.com\/wp-content\/uploads\/2022\/08\/Decalogo-Extremenismo-1-1024x1024.png\" alt=\"\" class=\"wp-image-2714\" width=\"256\" height=\"256\" srcset=\"https:\/\/extremeneria.com\/wp-content\/uploads\/2022\/08\/Decalogo-Extremenismo-1-1024x1024.png 1024w, https:\/\/extremeneria.com\/wp-content\/uploads\/2022\/08\/Decalogo-Extremenismo-1-300x300.png 300w, https:\/\/extremeneria.com\/wp-content\/uploads\/2022\/08\/Decalogo-Extremenismo-1-150x150.png 150w, https:\/\/extremeneria.com\/wp-content\/uploads\/2022\/08\/Decalogo-Extremenismo-1-768x768.png 768w, https:\/\/extremeneria.com\/wp-content\/uploads\/2022\/08\/Decalogo-Extremenismo-1.png 1080w\" sizes=\"auto, (max-width: 256px) 100vw, 256px\" \/><\/a><figcaption class=\"wp-element-caption\"><a href=\"https:\/\/extremeneria.com\/index.php\/2022\/10\/22\/decalogo-de-extremenismo\/\">Dec\u00e1logo de Extreme\u00f1ismo<\/a><\/figcaption><\/figure><\/div><\/div>\n\n\n\n<div class=\"wp-block-column is-layout-flow wp-block-column-is-layout-flow\"><div class=\"wp-block-image\">\n<figure class=\"aligncenter size-large is-resized\"><a href=\"https:\/\/extremeneria.com\/index.php\/2022\/11\/03\/decalogo-de-iberismo\/\"><img loading=\"lazy\" decoding=\"async\" src=\"https:\/\/extremeneria.com\/wp-content\/uploads\/2022\/08\/Decalogo-Iberismo-Extremeneria-1024x1024.png\" alt=\"\" class=\"wp-image-2620\" width=\"256\" height=\"256\" srcset=\"https:\/\/extremeneria.com\/wp-content\/uploads\/2022\/08\/Decalogo-Iberismo-Extremeneria-1024x1024.png 1024w, https:\/\/extremeneria.com\/wp-content\/uploads\/2022\/08\/Decalogo-Iberismo-Extremeneria-300x300.png 300w, https:\/\/extremeneria.com\/wp-content\/uploads\/2022\/08\/Decalogo-Iberismo-Extremeneria-150x150.png 150w, https:\/\/extremeneria.com\/wp-content\/uploads\/2022\/08\/Decalogo-Iberismo-Extremeneria-768x768.png 768w, https:\/\/extremeneria.com\/wp-content\/uploads\/2022\/08\/Decalogo-Iberismo-Extremeneria.png 1080w\" sizes=\"auto, (max-width: 256px) 100vw, 256px\" \/><\/a><figcaption class=\"wp-element-caption\"><a href=\"https:\/\/extremeneria.com\/index.php\/2022\/11\/03\/decalogo-de-iberismo\/\">Dec\u00e1logo de Iberismo<\/a><\/figcaption><\/figure><\/div><\/div>\n\n\n\n<div class=\"wp-block-column is-layout-flow wp-block-column-is-layout-flow\"><div class=\"wp-block-image\">\n<figure class=\"aligncenter size-large is-resized\"><a href=\"https:\/\/extremeneria.com\/index.php\/2022\/11\/12\/decalogo-de-ruralidad-y-reto-demografico\/\"><img loading=\"lazy\" decoding=\"async\" src=\"https:\/\/extremeneria.com\/wp-content\/uploads\/2022\/11\/Decalogo-Ruralidad-y-Reto-Demografico-1024x1024.png\" alt=\"\" class=\"wp-image-3018\" width=\"256\" height=\"256\" srcset=\"https:\/\/extremeneria.com\/wp-content\/uploads\/2022\/11\/Decalogo-Ruralidad-y-Reto-Demografico-1024x1024.png 1024w, https:\/\/extremeneria.com\/wp-content\/uploads\/2022\/11\/Decalogo-Ruralidad-y-Reto-Demografico-300x300.png 300w, https:\/\/extremeneria.com\/wp-content\/uploads\/2022\/11\/Decalogo-Ruralidad-y-Reto-Demografico-150x150.png 150w, https:\/\/extremeneria.com\/wp-content\/uploads\/2022\/11\/Decalogo-Ruralidad-y-Reto-Demografico-768x768.png 768w, https:\/\/extremeneria.com\/wp-content\/uploads\/2022\/11\/Decalogo-Ruralidad-y-Reto-Demografico.png 1080w\" sizes=\"auto, (max-width: 256px) 100vw, 256px\" \/><\/a><figcaption class=\"wp-element-caption\"><a href=\"https:\/\/extremeneria.com\/index.php\/2022\/11\/12\/decalogo-de-ruralidad-y-reto-demografico\/\">Dec\u00e1logo de Ruralidad y Reto Demofr\u00e1fico<\/a><\/figcaption><\/figure><\/div><\/div>\n<\/div>\n\n\n\n<div class=\"wp-block-columns is-layout-flex wp-container-core-columns-is-layout-2 wp-block-columns-is-layout-flex\">\n<div class=\"wp-block-column is-layout-flow wp-block-column-is-layout-flow\"><div class=\"wp-block-image\">\n<figure class=\"aligncenter size-large is-resized\"><a href=\"https:\/\/extremeneria.com\/index.php\/2023\/03\/02\/decalogo-de-movilidad-y-transportes\/\"><img loading=\"lazy\" decoding=\"async\" src=\"https:\/\/extremeneria.com\/wp-content\/uploads\/2023\/03\/Portada-Decalogo-movilidad-y-transporte-1024x1024.png\" alt=\"\" class=\"wp-image-3474\" width=\"256\" height=\"256\" srcset=\"https:\/\/extremeneria.com\/wp-content\/uploads\/2023\/03\/Portada-Decalogo-movilidad-y-transporte-1024x1024.png 1024w, https:\/\/extremeneria.com\/wp-content\/uploads\/2023\/03\/Portada-Decalogo-movilidad-y-transporte-300x300.png 300w, https:\/\/extremeneria.com\/wp-content\/uploads\/2023\/03\/Portada-Decalogo-movilidad-y-transporte-150x150.png 150w, https:\/\/extremeneria.com\/wp-content\/uploads\/2023\/03\/Portada-Decalogo-movilidad-y-transporte-768x768.png 768w, https:\/\/extremeneria.com\/wp-content\/uploads\/2023\/03\/Portada-Decalogo-movilidad-y-transporte.png 1080w\" sizes=\"auto, (max-width: 256px) 100vw, 256px\" \/><\/a><figcaption class=\"wp-element-caption\"><a href=\"https:\/\/extremeneria.com\/index.php\/2023\/03\/02\/decalogo-de-movilidad-y-transportes\/\">Dec\u00e1logo de Movilidad y Transportes<\/a><\/figcaption><\/figure><\/div><\/div>\n\n\n\n<div class=\"wp-block-column is-layout-flow wp-block-column-is-layout-flow\"><div class=\"wp-block-image\">\n<figure class=\"aligncenter size-large is-resized\"><a href=\"https:\/\/extremeneria.com\/index.php\/2023\/04\/19\/decalogo-de-ecologismo-recursos-energeticos-y-minerales\/\"><img loading=\"lazy\" decoding=\"async\" src=\"https:\/\/extremeneria.com\/wp-content\/uploads\/2022\/12\/Decalogo-Ecologismo-y-Recursos-minerales-1024x1024.png\" alt=\"\" class=\"wp-image-3130\" width=\"256\" height=\"256\" srcset=\"https:\/\/extremeneria.com\/wp-content\/uploads\/2022\/12\/Decalogo-Ecologismo-y-Recursos-minerales-1024x1024.png 1024w, https:\/\/extremeneria.com\/wp-content\/uploads\/2022\/12\/Decalogo-Ecologismo-y-Recursos-minerales-300x300.png 300w, https:\/\/extremeneria.com\/wp-content\/uploads\/2022\/12\/Decalogo-Ecologismo-y-Recursos-minerales-150x150.png 150w, https:\/\/extremeneria.com\/wp-content\/uploads\/2022\/12\/Decalogo-Ecologismo-y-Recursos-minerales-768x768.png 768w, https:\/\/extremeneria.com\/wp-content\/uploads\/2022\/12\/Decalogo-Ecologismo-y-Recursos-minerales.png 1080w\" sizes=\"auto, (max-width: 256px) 100vw, 256px\" \/><\/a><figcaption class=\"wp-element-caption\"><a href=\"https:\/\/extremeneria.com\/index.php\/2023\/04\/19\/decalogo-de-ecologismo-recursos-energeticos-y-minerales\/\">Dec\u00e1logo de Ecologismo, Recursos Energ\u00e9ticos y Minerales<\/a><\/figcaption><\/figure><\/div><\/div>\n\n\n\n<div class=\"wp-block-column is-layout-flow wp-block-column-is-layout-flow\"><\/div>\n<\/div>\n","protected":false},"excerpt":{"rendered":"<p>Dec\u00e1logo de Extreme\u00f1ismo Dec\u00e1logo de Iberismo Dec\u00e1logo de Ruralidad y Reto Demofr\u00e1fico Dec\u00e1logo de Movilidad y Transportes Dec\u00e1logo de Ecologismo, Recursos Energ\u00e9ticos y Minerales<\/p>\n","protected":false},"author":3,"featured_media":0,"parent":56,"menu_order":0,"comment_status":"closed","ping_status":"closed","template":"","meta":[],"class_list":["post-2619","page","type-page","status-publish","hentry","description-off"],"_links":{"self":[{"href":"https:\/\/extremeneria.com\/index.php\/wp-json\/wp\/v2\/pages\/2619","targetHints":{"allow":["GET"]}}],"collection":[{"href":"https:\/\/extremeneria.com\/index.php\/wp-json\/wp\/v2\/pages"}],"about":[{"href":"https:\/\/extremeneria.com\/index.php\/wp-json\/wp\/v2\/types\/page"}],"author":[{"embeddable":true,"href":"https:\/\/extremeneria.com\/index.php\/wp-json\/wp\/v2\/users\/3"}],"replies":[{"embeddable":true,"href":"https:\/\/extremeneria.com\/index.php\/wp-json\/wp\/v2\/comments?post=2619"}],"version-history":[{"count":27,"href":"https:\/\/extremeneria.com\/index.php\/wp-json\/wp\/v2\/pages\/2619\/revisions"}],"predecessor-version":[{"id":3633,"href":"https:\/\/extremeneria.com\/index.php\/wp-json\/wp\/v2\/pages\/2619\/revisions\/3633"}],"up":[{"embeddable":true,"href":"https:\/\/extremeneria.com\/index.php\/wp-json\/wp\/v2\/pages\/56"}],"wp:attachment":[{"href":"https:\/\/extremeneria.com\/index.php\/wp-json\/wp\/v2\/media?parent=2619"}],"curies":[{"name":"wp","href":"https:\/\/api.w.org\/{rel}","templated":true}]}}