{"id":3169,"date":"2022-12-27T10:59:24","date_gmt":"2022-12-27T09:59:24","guid":{"rendered":"https:\/\/extremeneria.com\/?page_id=3169"},"modified":"2022-12-27T12:54:54","modified_gmt":"2022-12-27T11:54:54","slug":"politica-de-cookies","status":"publish","type":"page","link":"https:\/\/extremeneria.com\/index.php\/politica-de-cookies\/","title":{"rendered":"Pol\u00edtica de cookies"},"content":{"rendered":"\n<h3 class=\"wp-block-heading\"><span class=\"has-inline-color has-accent-color\">Informaci\u00f3n general.<\/span><\/h3>\n\n\n\n<p class=\"has-text-align-justify\">Debido a la entrada en vigor de la referente modificaci\u00f3n de la \u201cLey de Servicios de la Sociedad de la Informaci\u00f3n\u201d (LSSICE) establecida por el Real Decreto 13\/2012, es de obligaci\u00f3n obtener el consentimiento expreso del usuario de todas las p\u00e1ginas web que usan cookies prescindibles, antes de que \u00e9ste navegue por ellas.<\/p>\n\n\n\n<div style=\"height:40px\" aria-hidden=\"true\" class=\"wp-block-spacer\"><\/div>\n\n\n\n<h4 class=\"wp-block-heading\"><span class=\"has-inline-color has-accent-color\">\u00bfQu\u00e9 son las cookies?<\/span><\/h4>\n\n\n\n<p class=\"has-text-align-justify\">Las cookies y otras tecnolog\u00edas similares tales como local shared objects, flash cookies o p\u00edxeles, son herramientas empleadas por los servidores Web para almacenar y recuperar informaci\u00f3n acerca de sus visitantes, as\u00ed como para ofrecer un correcto funcionamiento del sitio.<\/p>\n\n\n\n<p class=\"has-text-align-justify\">Mediante el uso de estos dispositivos se permite al servidor Web recordar algunos datos concernientes al usuario, como sus preferencias para la visualizaci\u00f3n de las p\u00e1ginas de ese servidor, nombre y contrase\u00f1a, productos que m\u00e1s le interesan, etc.<\/p>\n\n\n\n<div style=\"height:40px\" aria-hidden=\"true\" class=\"wp-block-spacer\"><\/div>\n\n\n\n<h4 class=\"wp-block-heading\"><span class=\"has-inline-color has-accent-color\">Cookies afectadas por la normativa y cookies exceptuadas.<\/span><\/h4>\n\n\n\n<p class=\"has-text-align-justify\">Seg\u00fan la directiva de la UE, las cookies que requieren el consentimiento informado por parte del usuario son las cookies de anal\u00edtica y las de publicidad y afiliaci\u00f3n, quedando exceptuadas las de car\u00e1cter t\u00e9cnico y las necesarias para el funcionamiento del sitio web o la prestaci\u00f3n de servicios expresamente solicitados por el usuario.<\/p>\n\n\n\n<div style=\"height:40px\" aria-hidden=\"true\" class=\"wp-block-spacer\"><\/div>\n\n\n\n<h4 class=\"wp-block-heading\"><span class=\"has-inline-color has-accent-color\">\u00bfQu\u00e9 tipos de cookies existen?<\/span><\/h4>\n\n\n\n<h5 class=\"wp-block-heading\">Seg\u00fan su titularidad<\/h5>\n\n\n\n<ul class=\"wp-block-list\"><li><strong>Cookies propias<\/strong>: Son aqu\u00e9llas que se env\u00edan al equipo terminal del usuario desde un equipo o dominio gestionado por el propio editor y desde el que se presta el servicio Solicitado por el usuario.<\/li><li><strong>Cookies de terceros<\/strong>: Son aqu\u00e9llas que se env\u00edan al equipo terminal del usuario desde un equipo o dominio que no es gestionado por el editor, sino por otra entidad que trata los datos obtenidos trav\u00e9s de las cookies.<\/li><\/ul>\n\n\n\n<h5 class=\"wp-block-heading\">Seg\u00fan su duraci\u00f3n<\/h5>\n\n\n\n<ul class=\"wp-block-list\"><li><strong>Cookies de sesi\u00f3n:<\/strong>&nbsp;Son un tipo de cookies dise\u00f1adas para recabar y almacenar datos mientras el usuario accede a una p\u00e1gina web.<\/li><li><strong>Cookies persistentes<\/strong>: Son un tipo de cookies en el que los datos siguen almacenados en el terminal y pueden ser accedidos y tratados durante un periodo definido por el responsable de la cookie, y que puede ir de unos minutos a varios a\u00f1os.<\/li><\/ul>\n\n\n\n<h5 class=\"wp-block-heading\">Seg\u00fan su funcionalidad<\/h5>\n\n\n\n<ul class=\"wp-block-list\"><li><strong>Cookies necesarias<\/strong>: son aquellas imprescindibles para el correcto funcionamiento del sitio web. No recopilan ning\u00fan tipo de datos de usuario y recogen informaci\u00f3n como la preferencia de idioma, si se ha aceptado la pol\u00edtica de cookies, etc.<\/li><li><strong>Cookies de an\u00e1lisis<\/strong>: Son aqu\u00e9llas que bien tratadas por nosotros o por terceros, nos permiten cuantificar el n\u00famero de usuarios y as\u00ed realizar la medici\u00f3n y an\u00e1lisis estad\u00edstico de la utilizaci\u00f3n que hacen los usuarios del servicio ofertado. Para ello se analiza su navegaci\u00f3n en nuestra p\u00e1gina web con el fin de mejorar la oferta de productos o servicios que le ofrecemos.<\/li><li><strong>Cookies publicitarias o de marketing<\/strong>: Son aqu\u00e9llas que permiten la gesti\u00f3n, de la forma m\u00e1s eficaz posible, de los espacios publicitarios que, en su caso, el editor haya incluido en una p\u00e1gina web, aplicaci\u00f3n o plataforma desde la que presta el servicio solicitado en base a criterios como el contenido editado o la frecuencia en la que se muestran los anuncios.<\/li><li><strong>Cookies de publicidad comportamental o de marketing personalizado<\/strong>: Son aqu\u00e9llas que permiten la gesti\u00f3n, de la forma m\u00e1s eficaz posible, de los espacios publicitarios que, en su caso, el editor haya incluido en una p\u00e1gina web, aplicaci\u00f3n o plataforma desde la que presta el servicio solicitado. Estas cookies almacenan informaci\u00f3n del comportamiento de los usuarios obtenida a trav\u00e9s de la observaci\u00f3n continuada de sus h\u00e1bitos de navegaci\u00f3n, lo que permite desarrollar un perfil espec\u00edfico para mostrar publicidad en funci\u00f3n del mismo. Asimismo es posible que al visitar alguna p\u00e1gina web o al abrir alg\u00fan email donde se publique alg\u00fan anuncio o alguna promoci\u00f3n sobre nuestros productos o servicios se instale en tu navegador alguna cookie que nos sirve para mostrarte posteriormente publicidad relacionada con la b\u00fasqueda que hayas realizado, desarrollar un control de nuestros anuncios en relaci\u00f3n, por ejemplo, con el n\u00famero de veces que son vistos, donde aparecen, a qu\u00e9 hora se ven, etc.<\/li><\/ul>\n\n\n\n<div style=\"height:41px\" aria-hidden=\"true\" class=\"wp-block-spacer\"><\/div>\n\n\n\n<h3 class=\"wp-block-heading\"><span class=\"has-inline-color has-accent-color\">Declaraci\u00f3n de Cookies<\/span><\/h3>\n\n\n\n<p>Declaraci\u00f3n de cookies actualizada por \u00faltima vez el 27\/12\/22 por\u00a0<a href=\"https:\/\/www.cookiebot.com\/\">Cookiebot<\/a>.<\/p>\n\n\n\n<p class=\"has-text-align-justify\"><strong>Cookies Necesarias<\/strong>. Las cookies necesarias ayudan a hacer una p\u00e1gina web utilizable activando funciones b\u00e1sicas como la navegaci\u00f3n en la p\u00e1gina y el acceso a \u00e1reas seguras de la p\u00e1gina web. La p\u00e1gina web no puede funcionar adecuadamente sin estas cookies.<\/p>\n\n\n\n<div style=\"height:40px\" aria-hidden=\"true\" class=\"wp-block-spacer\"><\/div>\n\n\n\n<figure class=\"wp-block-table\"><table><thead><tr><th><strong>Cookie<\/strong><\/th><th><strong>Propietario<\/strong><\/th><th><strong>Duraci\u00f3n<\/strong><\/th><th><strong>Finalidad<\/strong><\/th><th><strong>Tipo<\/strong><\/th><\/tr><\/thead><tbody><tr><td><em><strong>CONSENT<\/strong><\/em><\/td><td><em>google.com<\/em><\/td><td><em>2 a\u00f1os<\/em><\/td><td><em>Utilizada para detectar si el visitan te h a aceptado la categor\u00eda de marketin g en el banner de cookies. Esta cookie es n ecesaria para que la web cumpla con el RGPD.sito de esta cookie<\/em><\/td><td><em>HTTP<\/em><\/td><\/tr><tr><td><strong><em>CONSENT<\/em><\/strong><\/td><td><em>googleapis.com<\/em><\/td><td><em>2 a\u00f1os<\/em><\/td><td><em>Utilizada para detectar si el visitan te h a aceptado la categor\u00eda de marketin g en el banner decookies. Esta cookie es necesaria para que la web cumpla con el RGPD.<\/em><\/td><td><em>HTTP<\/em><\/td><\/tr><\/tbody><\/table><\/figure>\n\n\n\n<div style=\"height:40px\" aria-hidden=\"true\" class=\"wp-block-spacer\"><\/div>\n\n\n\n<p class=\"has-text-align-justify\"><strong>Cookies Estad\u00edsticas<\/strong>. Las cookies estad\u00edsticas ayudan a los propietarios de p\u00e1ginas web a comprender c\u00f3mo interact\u00faan los visitantes con las p\u00e1ginas web reuniendo y proporcionando informaci\u00f3n de forma an\u00f3nima.<\/p>\n\n\n\n<div style=\"height:40px\" aria-hidden=\"true\" class=\"wp-block-spacer\"><\/div>\n\n\n\n<figure class=\"wp-block-table\"><table><thead><tr><th><strong>Cookie<\/strong><\/th><th><strong>Propietario<\/strong><\/th><th><strong>Duraci\u00f3n<\/strong><\/th><th><strong>Finalidad<\/strong><\/th><th><strong>Tipo<\/strong><\/th><\/tr><\/thead><tbody><tr><td><em><strong><strong>_ga<\/strong><\/strong><\/em><\/td><td><em>extremeneria.com<\/em><\/td><td><em>399 d\u00edas<\/em><\/td><td><em>Registra una identificaci\u00f3n \u00fanica que se utiliza para generar datos estad\u00edsticos acerca de c\u00f3mo utiliza el visitante el sitio web.<\/em><\/td><td><em>HTTP<\/em><\/td><\/tr><tr><td><strong><em><strong>_ga_#<\/strong><\/em><\/strong><\/td><td><em>extremeneria.com<\/em><\/td><td><em>399 d\u00edas<\/em><\/td><td><em>Recopila datos sobre el n\u00famero de veces que un usuario ha visitado el sitio web adem\u00e1s de las fechas de la primera visita y de la m\u00e1s reciente. Utilizada por Google An alytics.<\/em><\/td><td><em>HTTP<\/em><\/td><\/tr><tr><td><strong><em>_gat<\/em><\/strong><\/td><td><em>extremeneria.com<\/em><\/td><td><em>1 d\u00eda<\/em><\/td><td><em>Utilizado por Google Analytics para controlar la tasa de peticiones.<\/em><\/td><td><em>HTTP<\/em><\/td><\/tr><tr><td><strong><em>_gid<\/em><\/strong><\/td><td><em>extremeneria.<\/em>com <\/td><td><em>1 d\u00eda<\/em><\/td><td><em>Registra una identificaci\u00f3n \u00fanica que se utiliza para generar datos estad\u00edsticos acerca de c\u00f3mo utiliza el visitan te el sitio web.<\/em><\/td><td><em>HTTP<\/em><\/td><\/tr><\/tbody><\/table><\/figure>\n\n\n\n<div style=\"height:40px\" aria-hidden=\"true\" class=\"wp-block-spacer\"><\/div>\n\n\n\n<p class=\"has-text-align-justify\"><strong>Cookies de Marketing<\/strong>. Las cookies de marketing se utilizan para rastrear a los visitantes en las p\u00e1ginas web. La intenci\u00f3n es mostrar anuncios relevantes y atractivos para el usuario individual, y por lo tanto, m\u00e1s valiosos para los editores y terceros anunciantes.<\/p>\n\n\n\n<div style=\"height:40px\" aria-hidden=\"true\" class=\"wp-block-spacer\"><\/div>\n\n\n\n<figure class=\"wp-block-table\"><table><thead><tr><th><strong>Cookie<\/strong><\/th><th><strong>Propietario<\/strong><\/th><th><strong>Duraci\u00f3n<\/strong><\/th><th><strong>Finalidad<\/strong><\/th><th><strong>Tipo<\/strong><\/th><\/tr><\/thead><tbody><tr><td><em><strong><strong><strong>NID<\/strong><\/strong><\/strong><\/em><\/td><td><em>translate-pa.googleapis.com<\/em><\/td><td><em>6 meses<\/em><\/td><td><em>Registra una identificaci\u00f3n \u00fanica que identifica el dispositivo de un usuario que vuelve. La identificaci\u00f3n se utiliza para los anuncios espec\u00edficos.<\/em><\/td><td><em>HTTP<\/em><\/td><\/tr><\/tbody><\/table><\/figure>\n\n\n\n<div style=\"height:41px\" aria-hidden=\"true\" class=\"wp-block-spacer\"><\/div>\n\n\n\n<h3 class=\"wp-block-heading\"><span class=\"has-inline-color has-accent-color\">Revocaci\u00f3n del consentimiento para instalar Cookies.<\/span><\/h3>\n\n\n\n<p class=\"has-text-align-justify\">En el caso de no desear que el sitio web no instale ninguna cookie en tu equipo, cabe la posibilidad de adaptar tu navegador de modo que se te notifique antes de que se descargue ninguna cookie.<\/p>\n\n\n\n<p class=\"has-text-align-justify\">As\u00ed las cosas, se puede igualmente modificar la configuraci\u00f3n del navegador de forma que rechace todas las cookies o \u00fanicamente las cookies de terceros. Tambi\u00e9n puedes eliminar cualquiera de las cookies que ya se encuentren en tu equipo. Ten en cuenta que tendr\u00e1s que adaptar por separado la configuraci\u00f3n de cada navegador y equipo que utilices.<\/p>\n\n\n\n<div style=\"height:40px\" aria-hidden=\"true\" class=\"wp-block-spacer\"><\/div>\n\n\n\n<h3 class=\"wp-block-heading\"><span class=\"has-inline-color has-accent-color\">C\u00f3mo eliminar las Cookies del navegador.<\/span><\/h3>\n\n\n\n<ul class=\"wp-block-list\"><li><strong>Chrome<\/strong>:&nbsp;<a href=\"https:\/\/support.google.com\/chrome\/answer\/95647\" target=\"_blank\" rel=\"noreferrer noopener\">https:\/\/support.google.com\/chrome\/answer\/95647<\/a><\/li><li><strong>Internet Explorer<\/strong>:&nbsp;<a href=\"https:\/\/support.microsoft.com\/es-es\/help\/17442\/windows-internet-explorer-delete-manage-cookies\" target=\"_blank\" rel=\"noreferrer noopener\">https:\/\/support.microsoft.com\/es-es\/help\/17442\/windows-internet-explorer-delete-manage-cookies<\/a><\/li><li><strong>Firefox<\/strong>:&nbsp;<a href=\"https:\/\/support.mozilla.org\/es\/kb\/habilitar-y-deshabilitar-cookies-sitios-web-rastrear-preferencias\" target=\"_blank\" rel=\"noreferrer noopener\">https:\/\/support.mozilla.org\/es\/kb\/habilitar-y-deshabilitar-cookies-sitios-web-rastrear-preferencias<\/a><\/li><li><strong>Safari<\/strong>:&nbsp;<a href=\"https:\/\/support.apple.com\/es-es\/guide\/safari\/sfri11471\/mac\" target=\"_blank\" rel=\"noreferrer noopener\">https:\/\/support.apple.com\/es-es\/guide\/safari\/sfri11471\/mac<\/a><\/li><li><strong>Opera<\/strong>:&nbsp;<a href=\"https:\/\/www.opera.com\/help\/tutorials\/security\/privacy\/\" target=\"_blank\" rel=\"noreferrer noopener\">https:\/\/www.opera.com\/help\/tutorials\/security\/privacy\/<\/a><\/li><\/ul>\n\n\n\n<p>Si no aparece listado, consulte la documentaci\u00f3n del navegador que tenga instalado para bloquear, eliminar o permitir la descarga de Cookies<\/p>\n","protected":false},"excerpt":{"rendered":"<p>Informaci\u00f3n general. Debido a la entrada en vigor de la referente modificaci\u00f3n de la \u201cLey de Servicios de la Sociedad de la Informaci\u00f3n\u201d (LSSICE) establecida por el Real Decreto 13\/2012, es de obligaci\u00f3n obtener el consentimiento expreso del usuario de todas las p\u00e1ginas web que usan cookies prescindibles, antes de que \u00e9ste navegue por ellas.&hellip;<\/p>\n","protected":false},"author":3,"featured_media":0,"parent":0,"menu_order":0,"comment_status":"closed","ping_status":"closed","template":"","meta":[],"class_list":["post-3169","page","type-page","status-publish","hentry","description-off"],"_links":{"self":[{"href":"https:\/\/extremeneria.com\/index.php\/wp-json\/wp\/v2\/pages\/3169","targetHints":{"allow":["GET"]}}],"collection":[{"href":"https:\/\/extremeneria.com\/index.php\/wp-json\/wp\/v2\/pages"}],"about":[{"href":"https:\/\/extremeneria.com\/index.php\/wp-json\/wp\/v2\/types\/page"}],"author":[{"embeddable":true,"href":"https:\/\/extremeneria.com\/index.php\/wp-json\/wp\/v2\/users\/3"}],"replies":[{"embeddable":true,"href":"https:\/\/extremeneria.com\/index.php\/wp-json\/wp\/v2\/comments?post=3169"}],"version-history":[{"count":7,"href":"https:\/\/extremeneria.com\/index.php\/wp-json\/wp\/v2\/pages\/3169\/revisions"}],"predecessor-version":[{"id":3185,"href":"https:\/\/extremeneria.com\/index.php\/wp-json\/wp\/v2\/pages\/3169\/revisions\/3185"}],"wp:attachment":[{"href":"https:\/\/extremeneria.com\/index.php\/wp-json\/wp\/v2\/media?parent=3169"}],"curies":[{"name":"wp","href":"https:\/\/api.w.org\/{rel}","templated":true}]}}