{"id":4013,"date":"2024-02-22T18:36:34","date_gmt":"2024-02-22T17:36:34","guid":{"rendered":"https:\/\/extremeneria.com\/?page_id=4013"},"modified":"2024-04-22T13:17:21","modified_gmt":"2024-04-22T11:17:21","slug":"los-otros-25-de-marzo","status":"publish","type":"page","link":"https:\/\/extremeneria.com\/index.php\/los-otros-25-de-marzo\/","title":{"rendered":"LOS OTROS 25 DE MARZO"},"content":{"rendered":"\n<p class=\"has-text-align-justify\">Con motivo del aniversario del 25 de Marzo, Extreme\u00f1er\u00eda convoca su primero concurso literario, <strong>\u00abLos otros 25 de marzo\u00bb<\/strong> como homenaje y recuerdo de los actos acaecidos en Extremadura el 25 de marzo de 1936 y fomento de la cultura y pensamiento extreme\u00f1ista.<\/p>\n\n\n\n<p class=\"has-text-align-justify\">Dicha convocatoria de certamen pretende promocionar la creaci\u00f3n literaria, atendiendo tanto a su aspecto \u00e9tico como est\u00e9tico, valor\u00e1ndose ambos, por lo que el contenido debe girar en torno a la memoria y en dar a conocer las luchas individuales o colectivas que han afrontado los extreme\u00f1os y extreme\u00f1as.<\/p>\n\n\n\n<p class=\"has-text-align-justify\">El acto de entrega de premios se realizar\u00e1 en C\u00e1ceres el pr\u00f3ximo 6 de abril de 2024. El plazo de recepci\u00f3n de relatos est\u00e1 abierto hasta el d\u00eda 31 de marzo de 2024.<\/p>\n\n\n\n<p>Puedes consultar el cartel y las bases del concurso a continuaci\u00f3n.<\/p>\n\n\n\n<div style=\"height:40px\" aria-hidden=\"true\" class=\"wp-block-spacer\"><\/div>\n\n\n<div class=\"wp-block-image\">\n<figure class=\"aligncenter size-large is-resized\"><img loading=\"lazy\" decoding=\"async\" src=\"https:\/\/extremeneria.com\/wp-content\/uploads\/2024\/02\/Cartel-Relatos-25-Marzo-724x1024.jpg\" alt=\"\" class=\"wp-image-4049\" width=\"362\" height=\"512\" srcset=\"https:\/\/extremeneria.com\/wp-content\/uploads\/2024\/02\/Cartel-Relatos-25-Marzo-724x1024.jpg 724w, https:\/\/extremeneria.com\/wp-content\/uploads\/2024\/02\/Cartel-Relatos-25-Marzo-212x300.jpg 212w, https:\/\/extremeneria.com\/wp-content\/uploads\/2024\/02\/Cartel-Relatos-25-Marzo-768x1086.jpg 768w, https:\/\/extremeneria.com\/wp-content\/uploads\/2024\/02\/Cartel-Relatos-25-Marzo.jpg 905w\" sizes=\"auto, (max-width: 362px) 100vw, 362px\" \/><\/figure><\/div>\n\n\n<div style=\"height:34px\" aria-hidden=\"true\" class=\"wp-block-spacer\"><\/div>\n\n\n\n<p class=\"has-accent-color has-text-color\"><strong>RELATOS ADMITIDOS:<\/strong><\/p>\n\n\n\n<div class=\"wp-block-columns is-layout-flex wp-container-core-columns-is-layout-1 wp-block-columns-is-layout-flex\">\n<div class=\"wp-block-column is-layout-flow wp-block-column-is-layout-flow\">\n<p><a href=\"https:\/\/extremeneria.com\/wp-content\/uploads\/2024\/04\/37-minutos-de-intimidad.pdf\">37 minutos de intimidad. <\/a><\/p>\n\n\n\n<p><a href=\"https:\/\/extremeneria.com\/wp-content\/uploads\/2024\/04\/Alla-prima.pdf\">Alla prima.<\/a><\/p>\n\n\n\n<p><a href=\"https:\/\/extremeneria.com\/wp-content\/uploads\/2024\/04\/ARAR-SIN-PERMISO.pdf\">Arar sin permiso.<\/a><\/p>\n\n\n\n<p><a href=\"https:\/\/extremeneria.com\/wp-content\/uploads\/2024\/04\/Canteros.pdf\">Canteros.<\/a><\/p>\n\n\n\n<p><a href=\"https:\/\/extremeneria.com\/wp-content\/uploads\/2024\/04\/Cascabullo.pdf\">Cascabullo.<\/a><\/p>\n\n\n\n<p><a href=\"https:\/\/extremeneria.com\/wp-content\/uploads\/2024\/04\/Dia-cien-mil.pdf\">D\u00eda cien mil.<\/a><\/p>\n\n\n\n<p><a href=\"https:\/\/extremeneria.com\/wp-content\/uploads\/2024\/04\/DOMINUS-VOBISCUM-EXTRENADURA.pdf\">Dominus Vobiscum, Extremadura<\/a><\/p>\n\n\n\n<p><a href=\"https:\/\/extremeneria.com\/wp-content\/uploads\/2024\/04\/Dos-Metros-son-suficiente.pdf\">Dos metros son suficiente<\/a><\/p>\n\n\n\n<p><a href=\"https:\/\/extremeneria.com\/wp-content\/uploads\/2024\/04\/El-Abuelo.pdf\">El abuelo.<\/a><\/p>\n\n\n\n<p><a href=\"https:\/\/extremeneria.com\/wp-content\/uploads\/2024\/04\/El-jardin-de-la-amistad.pdf\">El jard\u00edn de la amistad<\/a>.<\/p>\n\n\n\n<p><a href=\"https:\/\/extremeneria.com\/wp-content\/uploads\/2024\/04\/El-submarino-a-remos.pdf\">El submarino a remos.<\/a><\/p>\n\n\n\n<p><a href=\"https:\/\/extremeneria.com\/wp-content\/uploads\/2024\/04\/EL-TRATO.pdf\">El trato.<\/a><\/p>\n\n\n\n<p><a href=\"https:\/\/extremeneria.com\/wp-content\/uploads\/2024\/04\/El-ultimo-bastion-de-resistencia.pdf\">El \u00faltimo bast\u00edon de resistencia.<\/a><\/p>\n\n\n\n<p><a href=\"https:\/\/extremeneria.com\/wp-content\/uploads\/2024\/04\/Espontaneo-Hercules.pdf\">Espontaneo.<\/a><\/p>\n\n\n\n<p><a href=\"https:\/\/extremeneria.com\/wp-content\/uploads\/2024\/04\/ETERNO-RETORNO-DE-LO-MISMO.pdf\">Eterno retorno de lo mismo.<\/a><\/p>\n\n\n\n<p><a href=\"https:\/\/extremeneria.com\/wp-content\/uploads\/2024\/04\/Ganancias.pdf\">Ganancias.<\/a><\/p>\n\n\n\n<p><a href=\"https:\/\/extremeneria.com\/wp-content\/uploads\/2024\/04\/Infinito.pdf\">Infinito.<\/a><\/p>\n\n\n\n<p><a href=\"https:\/\/extremeneria.com\/wp-content\/uploads\/2024\/04\/LA-CHIQUI-.pdf\">La Chiqui.<\/a><\/p>\n\n\n\n<p><a href=\"https:\/\/extremeneria.com\/wp-content\/uploads\/2024\/04\/La-Parte.pdf\">La parte.<\/a><\/p>\n\n\n\n<p><a href=\"https:\/\/extremeneria.com\/wp-content\/uploads\/2024\/04\/La-proxima-portada.pdf\">La pr\u00f3xima portada.<\/a><\/p>\n\n\n\n<p><a href=\"https:\/\/extremeneria.com\/wp-content\/uploads\/2024\/04\/La-rebelion-de-los-arados.pdf\">La rebeli\u00f3n de los arados.<\/a><\/p>\n<\/div>\n\n\n\n<div class=\"wp-block-column is-layout-flow wp-block-column-is-layout-flow\">\n<p><a href=\"https:\/\/extremeneria.com\/wp-content\/uploads\/2024\/04\/La-tierra-prometida.pdf\">La tierra prometida.<\/a><\/p>\n\n\n\n<p><a href=\"https:\/\/extremeneria.com\/wp-content\/uploads\/2024\/04\/Las-luchas-de-Marzo.pdf\">Las luchas de marzo.<\/a><\/p>\n\n\n\n<p><a href=\"https:\/\/extremeneria.com\/wp-content\/uploads\/2024\/04\/LIBERTAD..pdf\">Libertad.<\/a><\/p>\n\n\n\n<p><a href=\"https:\/\/extremeneria.com\/wp-content\/uploads\/2024\/04\/Lo-Intento.pdf\">Lo intento.<\/a><\/p>\n\n\n\n<p><a href=\"https:\/\/extremeneria.com\/wp-content\/uploads\/2024\/04\/Los-Hijos-de-Marzo.pdf\">Los hijos de marzo.<\/a><\/p>\n\n\n\n<p><a href=\"https:\/\/extremeneria.com\/wp-content\/uploads\/2024\/04\/Lucha-Por-la-dignidad.pdf\">Lucha por la dignidad.<\/a><\/p>\n\n\n\n<p><a href=\"https:\/\/extremeneria.com\/wp-content\/uploads\/2024\/04\/Medio.pdf\">Medio.<\/a><\/p>\n\n\n\n<p><a href=\"https:\/\/extremeneria.com\/wp-content\/uploads\/2024\/04\/OTRAS-LUCHASOTROS-NOMBRES.pdf\">Otras luchas, otros nombres.<\/a><\/p>\n\n\n\n<p><a href=\"https:\/\/extremeneria.com\/wp-content\/uploads\/2024\/04\/Paris-era-un-sueno.pdf\">Par\u00eds era un sue\u00f1o.<\/a><\/p>\n\n\n\n<p><a href=\"https:\/\/extremeneria.com\/wp-content\/uploads\/2024\/04\/Perspectivas.pdf\">Perspectivas.<\/a><\/p>\n\n\n\n<p><a href=\"https:\/\/extremeneria.com\/wp-content\/uploads\/2024\/04\/Proxima-parada.pdf\">Pr\u00f3xima parada.<\/a><\/p>\n\n\n\n<p><a href=\"https:\/\/extremeneria.com\/wp-content\/uploads\/2024\/04\/Retama-1.pdf\">Retama.<\/a><\/p>\n\n\n\n<p><a href=\"https:\/\/extremeneria.com\/wp-content\/uploads\/2024\/04\/REVELAR-Y-REBELARSE.pdf\">Revelar y rebelarse.<\/a><\/p>\n\n\n\n<p><a href=\"https:\/\/extremeneria.com\/wp-content\/uploads\/2024\/04\/Se-su-nombre.pdf\">Se su nombre.<\/a><\/p>\n\n\n\n<p><a href=\"https:\/\/extremeneria.com\/wp-content\/uploads\/2024\/04\/Terrones.pdf\">Terrones.<\/a><\/p>\n\n\n\n<p><a href=\"https:\/\/extremeneria.com\/wp-content\/uploads\/2024\/04\/toronjina.pdf\">Toronjina.<\/a><\/p>\n\n\n\n<p><a href=\"https:\/\/extremeneria.com\/wp-content\/uploads\/2024\/04\/Una-Mision-que-cumplir.pdf\">Una misi\u00f3n por cumplir.<\/a><\/p>\n\n\n\n<p><a href=\"https:\/\/extremeneria.com\/wp-content\/uploads\/2024\/04\/Vecinos.pdf\">Vecinos.<\/a><\/p>\n<\/div>\n<\/div>\n\n\n\n<div style=\"height:40px\" aria-hidden=\"true\" class=\"wp-block-spacer\"><\/div>\n\n\n\n<p class=\"has-accent-color has-text-color\"><strong>OBRAS GANADORAS &#8211; FALLO DEL JURADO:<\/strong><\/p>\n\n\n\n<p><strong>PRIMER PREMIO: <\/strong> <strong>\u00abLa tierra prometida\u00bb de Ra\u00fal Garc\u00e9s Redondo<\/strong>.<\/p>\n\n\n\n<p class=\"has-text-align-justify\">Queremos destacar de este relato su originalidad y su capacidad de sintetizar en un pu\u00f1ado de l\u00edneas una historia cargada de referencias, humor e inteligencia.  Genera un acertijo con el propio relato, en el que al acabar de leerlo te invita a regresar al principio, estableciendo as\u00ed una lectura circular. Tomando como punto de partida la premisa del 25 de marzo, ha creado un relato con un tema propio, que va mas all\u00e1 de los hechos hist\u00f3ricos y lo ampl\u00eda recogiendo algunos de los temas que forman parte de la idiosincracia extreme\u00f1a.<\/p>\n\n\n\n<p><strong>SEGUNDO PREMIO<\/strong>: <strong>\u00abLa rebeli\u00f3n de los arados\u00bb de Juan Carlos P\u00e9rez L\u00f3pez<\/strong>.<\/p>\n\n\n\n<p class=\"has-text-align-justify\">Es un relato con una carga teatral muy interesante, con un desarrollo narrativo cl\u00e1sico, que es capaz de contar en estas dos p\u00e1ginas una historia completa en diferentes tiempos. Establecer una relaci\u00f3n a lo largo de tres generaciones familiares que van parejas a tres \u00e9pocas. Se trata de un relato emotivo donde los personajes ponen voz a la historia.<\/p>\n\n\n\n<p><strong>MENCI\u00d3N ESPECIAL DE EXTREME\u00d1ER\u00cdA:<\/strong> <strong>\u00abCascabullo\u00bb de Ana L\u00f3pez Aguilar.<\/strong><\/p>\n\n\n\n<p class=\"has-text-align-justify\">Con gran parte de la tierra en unas pocas manos, a los extreme\u00f1os y extreme\u00f1as a lo largo de su vida no les quedo otra que menudear bellotas en las dehesas cercanas a sus pueblos para alimentar tanto a los cerdos como a las personas. De tan recurrentes que eran estos acontecimientos, el nombre de belloteros ha quedado como una de las denominaciones para referirse despectivamente a los extreme\u00f1os y que hoy utilizamos con orgullo. Este relato rescata una de tantas historias de supervivencia a trav\u00e9s de una estampa nocturna que se traslada a este momento y lugar.<\/p>\n\n\n\n<div style=\"height:40px\" aria-hidden=\"true\" class=\"wp-block-spacer\"><\/div>\n\n\n\n<p class=\"has-accent-color has-text-color\"><strong>BASES DEL CONCURSO:<\/strong><\/p>\n\n\n\n<p><strong>1. Objeto<\/strong><\/p>\n\n\n\n<p class=\"has-text-align-justify\">La asociaci\u00f3n <strong>Extreme\u00f1er\u00eda <\/strong>organiza este concurso de relatos con el objetivo de recordar a aquellos jornaleros que, el 25 de marzo de 1936, se organizaron para buscar un reparto m\u00e1s justo de la tierra, y a su vez para dar a conocer aquellas otras luchas, individuales o colectivas, que los extreme\u00f1os y extreme\u00f1as han afrontado y afrontan.&nbsp;<\/p>\n\n\n\n<p><strong>2. Participantes<\/strong><\/p>\n\n\n\n<p class=\"has-text-align-justify\">\u2022 Podr\u00e1 participar en este concurso cualquier persona f\u00edsica (sea residente o no en Espa\u00f1a) mayor de 16 a\u00f1os.<\/p>\n\n\n\n<p class=\"has-text-align-justify\">\u2022 En el caso de participantes que sean menores de edad, en el momento de aceptar las presentes bases, deber\u00e1n estar asistidos por aquella persona que ostente su tutela legal mediante la presentaci\u00f3n de la oportuna autorizaci\u00f3n por escrito.&nbsp;<\/p>\n\n\n\n<p class=\"has-text-align-justify\">\u2022 Los datos que se faciliten deben ser correctos y veraces. La presentaci\u00f3n de informaci\u00f3n falsa ser\u00e1 motivo de descalificaci\u00f3n.<\/p>\n\n\n\n<p><strong>3. Requisitos del concurso<\/strong><\/p>\n\n\n\n<p>\u2022 Cada persona podr\u00e1 presentar un m\u00e1ximo de 2 relatos.<\/p>\n\n\n\n<p class=\"has-text-align-justify\">\u2022 El tema del relato habr\u00e1 de ser una lucha, entendiendo tal como la persecuci\u00f3n de un objetivo dificultoso. El \u00e1mbito y amplitud&nbsp; de dicha lucha es de libre elecci\u00f3n, pudiendo ser individual o colectiva, hist\u00f3rica o actual, real o ficticia y teniendo una motivaci\u00f3n social, pol\u00edtica, econ\u00f3mica, personal o de cualquier otro tipo. No obstante, el relato debe tener incluido en alguna parte, de forma coherente, la siguiente oraci\u00f3n: <strong>\u201c<em>me acord\u00e9&nbsp;de los del 25 de marzo [\u2026]<\/em>\u201d.&nbsp;<\/strong><\/p>\n\n\n\n<p class=\"has-text-align-justify\">\u2022 El relato debe estar redactado en castellano o en alguna de las lenguas propias de Extremadura (a fala, estreme\u00f1u o portugu\u00e9s rayano), y tendr\u00e1 una extensi\u00f3n m\u00e1xima de dos p\u00e1ginas, A4, escrito a tama\u00f1o 12, en la fuente Times New Roman, y con un interlineado de 1.5. Deber\u00e1 enviarse con t\u00edtulo, firmado bajo un seud\u00f3nimo y en formato pdf.&nbsp;<\/p>\n\n\n\n<p class=\"has-text-align-justify\">\u2022 No ser\u00e1 necesario que los relatos sean originales o in\u00e9ditos, pero en tales circunstancias se habr\u00e1 de informar de d\u00f3nde y c\u00f3mo han sido publicados.&nbsp;<\/p>\n\n\n\n<p class=\"has-text-align-justify\">\u2022 Los trabajos se enviar\u00e1n mediante correo electr\u00f3nico a la siguiente direcci\u00f3n: <strong>extremeneria@gmail.com.<\/strong> En el apartado \u201casunto\u201d del correo electr\u00f3nico deber\u00e1 indicarse: <strong>RELATOS 25M<\/strong>. Se enviar\u00e1n dos archivos en formato pdf. En uno de ellos figurar\u00e1 como nombre del archivo, el seud\u00f3nimo del autor o autora y contendr\u00e1 el texto presentado a concurso. En el segundo, cuyo nombre ser\u00e1 \u201cPLICA\u201d, se adjuntar\u00e1n los siguientes datos personales: t\u00edtulo del relato, pseud\u00f3nimo, nombre y apellidos, n\u00famero de tel\u00e9fono, direcci\u00f3n postal y direcci\u00f3n de correo electr\u00f3nico; en caso de no ser una relato original, habr\u00e1 de informar tambi\u00e9n en este archivo de c\u00f3mo y d\u00f3nde ha sido publicado.&nbsp;<\/p>\n\n\n\n<p class=\"has-text-align-justify\">\u2022 No se admitir\u00e1 a concurso ning\u00fan relato que haya sido enviado fuera de plazo, que la asociaci\u00f3n considere ofensivo o difamatorio o que vulnere las bases de este concurso.<\/p>\n\n\n\n<p class=\"has-text-align-justify\">\u2022 El <strong>plazo <\/strong>para enviar los relatos ser\u00e1 desde la fecha de difusi\u00f3n de la convocatoria hasta el domingo, <strong>31 de marzo de 2024<\/strong><\/p>\n\n\n\n<p class=\"has-text-align-justify\">\u2022 La publicaci\u00f3n de los premiados se realizar\u00e1 durante un acto organizado por Extreme\u00f1er\u00eda el s\u00e1bado 6 de abril, en la ciudad de C\u00e1ceres. La asistencia a dicho acto ser\u00e1 necesaria para recibir el premio; en caso de no poder asistir, el participante podr\u00e1 enviar a alguien en su representaci\u00f3n con previo aviso a nuestro correo: extremeneria@gmail.com.<\/p>\n\n\n\n<p class=\"has-text-align-justify\">\u2022 Los relatos se publicar\u00e1n en la p\u00e1gina web de Extreme\u00f1er\u00eda (<a href=\"https:\/\/extremeneria.com\/\">https:\/\/extremeneria.com\/<\/a>), y se les dar\u00e1 difusi\u00f3n por nuestras redes sociales.&nbsp;<\/p>\n\n\n\n<p class=\"has-text-align-justify\">\u2022 Los participantes ceder\u00e1n gratuitamente a Extreme\u00f1er\u00eda los derechos editoriales de reproducci\u00f3n, distribuci\u00f3n, transformaci\u00f3n, comunicaci\u00f3n p\u00fablica y cualesquiera otros derechos necesarios para la difusi\u00f3n total o parcial del mismo en cualquier soporte y por el periodo m\u00e1ximo que permita la legislaci\u00f3n. El resto de derechos de autor, en cambio, se mantend\u00e1n en&nbsp; titularidad del autor o autora. Si el relato resultara premiado, su autor se compromete a hacer menci\u00f3n a su estatus de \u00abgalardonado en el certamen Los Otros 25 de marzo de Extreme\u00f1er\u00eda\u201d, si llegara a publicarlo.&nbsp;&nbsp;<\/p>\n\n\n\n<p class=\"has-text-align-justify\">\u2022 Las personas participantes responden ante Extreme\u00f1er\u00eda de la autor\u00eda y originalidad de dicho relato, y asumir\u00e1n total responsabilidad frente a cualquier reclamaci\u00f3n que pudiera efectuarse por terceras personas en este sentido. Asimismo responder\u00e1n frente a cualquier reclamaci\u00f3n de terceros relativa a cualquier compromiso que el\/la autor\/a hubiere contra\u00eddo y que pudiera afectar a los derechos que correspondan a Extreme\u00f1er\u00eda, de conformidad con lo estipulado en las presentes bases.<br><br><strong>4. Premios y jurado<\/strong><\/p>\n\n\n\n<p class=\"has-text-align-justify\">\u2022 En este certamen se otorgar\u00e1n 2 premios y una menci\u00f3n especial, que ser\u00e1n concedidos por un comit\u00e9 compuesto por personas relacionadas con el mundo literario as\u00ed como miembros de Extreme\u00f1er\u00eda.&nbsp;<\/p>\n\n\n\n<p>\u2022 Los galardones ser\u00e1n:<\/p>\n\n\n\n<p class=\"has-accent-color has-text-color\"><strong>1. Primer premio: <\/strong>100 \u20ac y un lote de caf\u00e9 obsequiado por la empresa Caf\u00e9s \u201cLa Pepa\u201d que incluye una m\u00e1quina cafetera.<\/p>\n\n\n\n<p class=\"has-accent-color has-text-color\"><strong>2. Segundo premio<\/strong>: 50 \u20ac y un lote de caf\u00e9 obsequiado por la empresa Caf\u00e9s \u201cLa Pepa\u201d.<\/p>\n\n\n\n<p class=\"has-accent-color has-text-color\"><strong>3. Menci\u00f3n especial Extreme\u00f1era<\/strong>.<\/p>\n\n\n\n<p class=\"has-text-align-justify\"><strong>5. Protecci\u00f3n de datos de car\u00e1cter personal<\/strong>: <\/p>\n\n\n\n<p class=\"has-text-align-justify\">Los datos de car\u00e1cter personal facilitados en este concurso ser\u00e1n tratados conforme a la legislaci\u00f3n vigente.&nbsp;<\/p>\n\n\n\n<p><\/p>\n\n\n\n<p><strong>6. Aceptaci\u00f3n de las bases<\/strong><\/p>\n\n\n\n<p class=\"has-text-align-justify\">\u2022 La participaci\u00f3n en este concurso implica la aceptaci\u00f3n expresa de todas y cada una de las bases de dicho concurso.<br>\u2022 El incumplimiento de alguna de las bases dar\u00e1 lugar a la exclusi\u00f3n del\/de la participante del concurso.<br>\u2022 En caso de existir dudas o discrepancias en la interpretaci\u00f3n de las bases, la Junta Directiva de Extreme\u00f1er\u00eda realizar\u00e1 una interpretaci\u00f3n atendiendo a la finalidad para la cual se ha creado este concurso.<br>\u2022 Las bases de este concurso estar\u00e1n disponibles en la p\u00e1gina web de Extreme\u00f1er\u00eda (<a href=\"https:\/\/extremeneria.com\/\">https:\/\/extremeneria.com\/<\/a>), al menos durante el plazo de tiempo en el que est\u00e9 vigente el mismo.<\/p>\n\n\n\n<div style=\"height:40px\" aria-hidden=\"true\" class=\"wp-block-spacer\"><\/div>\n\n\n\n<p class=\"has-accent-color has-text-color\"><strong>COMPOSICI\u00d3N DEL JURADO:<\/strong><\/p>\n\n\n\n<p>\u00b7 An\u00edbal Mart\u00edn. Escritor y traductor.<\/p>\n\n\n\n<p>\u00b7 Millanes Rivas. Escritor.<\/p>\n\n\n\n<p>\u00b7 M\u00f3nica L\u00f3pez del Consuelo. Escritora y miembro de Extreme\u00f1er\u00eda.<\/p>\n\n\n\n<p>\u00b7 Fernando V\u00e1zquez. Miembro de Extreme\u00f1er\u00eda.<\/p>\n\n\n\n<div style=\"height:40px\" aria-hidden=\"true\" class=\"wp-block-spacer\"><\/div>\n\n\n\n<div style=\"height:40px\" aria-hidden=\"true\" class=\"wp-block-spacer\"><\/div>\n\n\n\n<p class=\"has-accent-color has-text-color\"><strong>PATROCINADORES:<\/strong><\/p>\n\n\n\n<p>Este certamen literario est\u00e1 patrocinado por:<\/p>\n\n\n\n<div class=\"wp-block-columns is-layout-flex wp-container-core-columns-is-layout-3 wp-block-columns-is-layout-flex\">\n<div class=\"wp-block-column is-layout-flow wp-block-column-is-layout-flow\">\n<div class=\"wp-block-columns is-layout-flex wp-container-core-columns-is-layout-2 wp-block-columns-is-layout-flex\">\n<div class=\"wp-block-column is-layout-flow wp-block-column-is-layout-flow\">\n<figure class=\"wp-block-image size-large\"><a href=\"https:\/\/www.badaccu.com\/es-ES\/CoffeeLaPepa?fbclid=IwAR35dOu3HGadz7xGYicnIvXOpUsT1uSDQxdBV2VrFqq_Xb5RIPO164AlgA0\"><img loading=\"lazy\" decoding=\"async\" width=\"1024\" height=\"1024\" src=\"https:\/\/extremeneria.com\/wp-content\/uploads\/2024\/02\/Cafes-la-pepa-1024x1024.jpg\" alt=\"\" class=\"wp-image-4016\" srcset=\"https:\/\/extremeneria.com\/wp-content\/uploads\/2024\/02\/Cafes-la-pepa-1024x1024.jpg 1024w, https:\/\/extremeneria.com\/wp-content\/uploads\/2024\/02\/Cafes-la-pepa-300x300.jpg 300w, https:\/\/extremeneria.com\/wp-content\/uploads\/2024\/02\/Cafes-la-pepa-150x150.jpg 150w, https:\/\/extremeneria.com\/wp-content\/uploads\/2024\/02\/Cafes-la-pepa-768x768.jpg 768w, https:\/\/extremeneria.com\/wp-content\/uploads\/2024\/02\/Cafes-la-pepa.jpg 1280w\" sizes=\"auto, (max-width: 1024px) 100vw, 1024px\" \/><\/a><figcaption class=\"wp-element-caption\"><a href=\"https:\/\/www.badaccu.com\/es-ES\/CoffeeLaPepa?fbclid=IwAR35dOu3HGadz7xGYicnIvXOpUsT1uSDQxdBV2VrFqq_Xb5RIPO164AlgA0\">Caf\u00e9s \u00abLa Pepa\u00bb<\/a><\/figcaption><\/figure>\n<\/div>\n\n\n\n<div class=\"wp-block-column is-layout-flow wp-block-column-is-layout-flow\"><\/div>\n<\/div>\n<\/div>\n\n\n\n<div class=\"wp-block-column is-layout-flow wp-block-column-is-layout-flow\"><\/div>\n<\/div>\n","protected":false},"excerpt":{"rendered":"<p>Con motivo del aniversario del 25 de Marzo, Extreme\u00f1er\u00eda convoca su primero concurso literario, \u00abLos otros 25 de marzo\u00bb como homenaje y recuerdo de los actos acaecidos en Extremadura el 25 de marzo de 1936 y fomento de la cultura y pensamiento extreme\u00f1ista. Dicha convocatoria de certamen pretende promocionar la creaci\u00f3n literaria, atendiendo tanto a&hellip;<\/p>\n","protected":false},"author":3,"featured_media":4049,"parent":0,"menu_order":0,"comment_status":"closed","ping_status":"closed","template":"","meta":[],"class_list":["post-4013","page","type-page","status-publish","has-post-thumbnail","hentry","description-off"],"_links":{"self":[{"href":"https:\/\/extremeneria.com\/index.php\/wp-json\/wp\/v2\/pages\/4013","targetHints":{"allow":["GET"]}}],"collection":[{"href":"https:\/\/extremeneria.com\/index.php\/wp-json\/wp\/v2\/pages"}],"about":[{"href":"https:\/\/extremeneria.com\/index.php\/wp-json\/wp\/v2\/types\/page"}],"author":[{"embeddable":true,"href":"https:\/\/extremeneria.com\/index.php\/wp-json\/wp\/v2\/users\/3"}],"replies":[{"embeddable":true,"href":"https:\/\/extremeneria.com\/index.php\/wp-json\/wp\/v2\/comments?post=4013"}],"version-history":[{"count":19,"href":"https:\/\/extremeneria.com\/index.php\/wp-json\/wp\/v2\/pages\/4013\/revisions"}],"predecessor-version":[{"id":4125,"href":"https:\/\/extremeneria.com\/index.php\/wp-json\/wp\/v2\/pages\/4013\/revisions\/4125"}],"wp:featuredmedia":[{"embeddable":true,"href":"https:\/\/extremeneria.com\/index.php\/wp-json\/wp\/v2\/media\/4049"}],"wp:attachment":[{"href":"https:\/\/extremeneria.com\/index.php\/wp-json\/wp\/v2\/media?parent=4013"}],"curies":[{"name":"wp","href":"https:\/\/api.w.org\/{rel}","templated":true}]}}