{"id":56,"date":"2021-07-28T13:24:08","date_gmt":"2021-07-28T11:24:08","guid":{"rendered":"http:\/\/extremeneria.com\/?page_id=56"},"modified":"2022-07-07T09:37:44","modified_gmt":"2022-07-07T07:37:44","slug":"quienes-somos","status":"publish","type":"page","link":"https:\/\/extremeneria.com\/index.php\/quienes-somos\/","title":{"rendered":"\u00bfQui\u00e9nes somos?"},"content":{"rendered":"\n<div class=\"wp-block-group alignwide\"><div class=\"wp-block-group__inner-container is-layout-flow wp-block-group-is-layout-flow\">\n<p class=\"has-text-align-center\" style=\"font-size:30px\"><strong><span class=\"has-inline-color has-accent-color\">\u00bfQu\u00e9 es Extreme\u00f1er\u00eda?<\/span><\/strong><\/p>\n\n\n\n<div style=\"height:35px\" aria-hidden=\"true\" class=\"wp-block-spacer\"><\/div>\n\n\n\n<p class=\"has-text-align-center\">\u201c[\u2026] asociaci\u00f3n desinteresada de varias inteligencias,<br>para la propagaci\u00f3n, defensa y difusi\u00f3n del esp\u00edritu regional [\u2026],<br>y por ello y para ello es un caso m\u00e1s de extreme\u00f1er\u00eda andante\u201d<\/p>\n\n\n\n<p class=\"has-text-align-center\">C\u00e1lamo Currente (pseud\u00f3nimo de Daniel Berjano)<br>Revista de Extremadura, enero de 1910.<br><\/p>\n\n\n\n<div style=\"height:62px\" aria-hidden=\"true\" class=\"wp-block-spacer\"><\/div>\n\n\n\n<p class=\"has-text-align-justify\">Como un caso m\u00e1s de extreme\u00f1er\u00eda andante\u2026, nuestra iniciativa parte de varias reuniones entre residentes y emigrantes de Extremadura durante la primavera de 2021, tomando el testigo de nuestros antepasados en la tarea de trabajar por el reconocimiento y el progreso de nuestra tierra.<\/p>\n\n\n\n<p class=\"has-text-align-justify\"><br><strong>Principios de la plataforma:<\/strong><\/p>\n\n\n\n<p class=\"has-text-align-justify\"><br>\u25aa Se conforma como espacio asociativo de debate y acci\u00f3n social, cultural y pol\u00edtica, de car\u00e1cter asambleario y abierto a la participaci\u00f3n de quienes tengan a la regi\u00f3n extreme\u00f1a en el centro de sus inquietudes e intereses.<br>\u25aa Nace como respuesta, en uni\u00f3n de extreme\u00f1os\/as del interior y del exterior, ante la cr\u00f3nica situaci\u00f3n de estancamiento y postergaci\u00f3n que sufre Extremadura y en reconocimiento de su car\u00e1cter geo-hist\u00f3rico, cultural, emigrante e iberoamericano.<br>\u25aa Es apartidista pero no apol\u00edtica y reivindica una Extremadura de base igualitaria y transversal donde ejerzan de fundamentos la cultura, la ciencia, la justicia social, la sostenibilidad, la ruralidad y el iberismo.<\/p>\n\n\n\n<p class=\"has-text-align-justify\"><br><\/p>\n\n\n\n<p class=\"has-text-align-justify\"><strong>Objetivos:<\/strong><\/p>\n\n\n\n<p class=\"has-text-align-justify\"><br>\u25aa Aglutinar, con intenci\u00f3n constructiva, a todas aquellas personas preocupadas por la situaci\u00f3n extreme\u00f1a y crear redes y sinergias que fomenten una visi\u00f3n de conjunto y que propongan ideas y soluciones frente a los retos a los que se enfrenta nuestra tierra.<br>\u25aa Terminar con el extendido desconocimiento, entre propios y extra\u00f1os, de la realidad cultural de Extremadura, as\u00ed como superar el tradicional complejo social y de marginaci\u00f3n en el que se han visto anclados multitud de individuos y colectivos extreme\u00f1os a lo largo del tiempo.<br>\u25aa Trabajar con colectivos sociales, culturales y\/o pol\u00edticos de \u00e1mbito auton\u00f3mico, estatal y\/o ib\u00e9rico que apoyen las reivindicaciones de la sociedad extreme\u00f1a, buscando siempre el di\u00e1logo, la propuesta y el consenso y huyendo de la confrontaci\u00f3n y de la polarizaci\u00f3n.<br>\u25aa Influir en la vida pol\u00edtica y contribuir a la transformaci\u00f3n de la realidad extreme\u00f1a al mismo tiempo que transcender el marcado electoralismo del que participan corrientemente las formaciones pol\u00edticas. auton\u00f3micas y estatales.<br><br>Damos la bienvenida a cualquier persona comprometida con el inter\u00e9s colectivo y el progreso de Extremadura y el respeto y la defensa de los Derechos Humanos, sin ning\u00fan tipo de discriminaci\u00f3n.<br><br><br><\/p>\n<\/div><\/div>\n\n\n\n<div class=\"wp-block-buttons alignwide is-content-justification-center is-layout-flex wp-block-buttons-is-layout-flex\">\n<div class=\"wp-block-button\"><a class=\"wp-block-button__link\" href=\"https:\/\/extremeneria.com\/index.php\/junta-directiva\/\">JUNTA DIRECTIVA<\/a><\/div>\n<\/div>\n\n\n\n<p><\/p>\n","protected":false},"excerpt":{"rendered":"<p>\u00bfQu\u00e9 es Extreme\u00f1er\u00eda? \u201c[\u2026] asociaci\u00f3n desinteresada de varias inteligencias,para la propagaci\u00f3n, defensa y difusi\u00f3n del esp\u00edritu regional [\u2026],y por ello y para ello es un caso m\u00e1s de extreme\u00f1er\u00eda andante\u201d C\u00e1lamo Currente (pseud\u00f3nimo de Daniel Berjano)Revista de Extremadura, enero de 1910. Como un caso m\u00e1s de extreme\u00f1er\u00eda andante\u2026, nuestra iniciativa parte de varias reuniones entre&hellip;<\/p>\n","protected":false},"author":1,"featured_media":0,"parent":0,"menu_order":0,"comment_status":"closed","ping_status":"closed","template":"","meta":[],"class_list":["post-56","page","type-page","status-publish","hentry","description-off"],"_links":{"self":[{"href":"https:\/\/extremeneria.com\/index.php\/wp-json\/wp\/v2\/pages\/56","targetHints":{"allow":["GET"]}}],"collection":[{"href":"https:\/\/extremeneria.com\/index.php\/wp-json\/wp\/v2\/pages"}],"about":[{"href":"https:\/\/extremeneria.com\/index.php\/wp-json\/wp\/v2\/types\/page"}],"author":[{"embeddable":true,"href":"https:\/\/extremeneria.com\/index.php\/wp-json\/wp\/v2\/users\/1"}],"replies":[{"embeddable":true,"href":"https:\/\/extremeneria.com\/index.php\/wp-json\/wp\/v2\/comments?post=56"}],"version-history":[{"count":34,"href":"https:\/\/extremeneria.com\/index.php\/wp-json\/wp\/v2\/pages\/56\/revisions"}],"predecessor-version":[{"id":2560,"href":"https:\/\/extremeneria.com\/index.php\/wp-json\/wp\/v2\/pages\/56\/revisions\/2560"}],"wp:attachment":[{"href":"https:\/\/extremeneria.com\/index.php\/wp-json\/wp\/v2\/media?parent=56"}],"curies":[{"name":"wp","href":"https:\/\/api.w.org\/{rel}","templated":true}]}}