{"id":58,"date":"2021-07-28T13:24:08","date_gmt":"2021-07-28T11:24:08","guid":{"rendered":"http:\/\/extremeneria.com\/?page_id=58"},"modified":"2023-02-17T10:29:32","modified_gmt":"2023-02-17T09:29:32","slug":"contacta","status":"publish","type":"page","link":"https:\/\/extremeneria.com\/index.php\/contacta\/","title":{"rendered":"Contacta"},"content":{"rendered":"\n<p class=\"has-text-align-justify\">Es hora de una <strong><span class=\"has-inline-color has-accent-color\">VOZ PROPIA<\/span><\/strong> de la sociedad <strong><span class=\"has-inline-color has-accent-color\">EXTREME\u00d1A<\/span><\/strong>.<br>Es el momento propicio, demasiados trenes hemos perdido ya.<\/p>\n\n\n\n<p class=\"has-text-align-justify\"><strong><span class=\"has-inline-color has-accent-color\">TU VOZ<\/span><\/strong> tambi\u00e9n <strong><span class=\"has-inline-color has-accent-color\">CUENTA<\/span><\/strong>. Si nos ofreces tu apoyo, adem\u00e1s de recibir notificaciones de inter\u00e9s extreme\u00f1o, podr\u00e1s aportar tus reivindicaciones a los manifiestos y participar en nuestros encuentros. El grado de compromiso con Extremadura lo pones t\u00fa.<\/p>\n\n\n\n<div style=\"height:40px\" aria-hidden=\"true\" class=\"wp-block-spacer\"><\/div>\n\n\n\n<div class=\"wp-block-columns is-layout-flex wp-container-core-columns-is-layout-2 wp-block-columns-is-layout-flex\">\n<div class=\"wp-block-column is-layout-flow wp-block-column-is-layout-flow\" style=\"flex-basis:100%\">\n<div class=\"wp-block-columns is-layout-flex wp-container-core-columns-is-layout-1 wp-block-columns-is-layout-flex\">\n<div class=\"wp-block-column is-vertically-aligned-top is-layout-flow wp-block-column-is-layout-flow\" style=\"flex-basis:33.33%\">\n<p class=\"has-text-align-center\"><strong><span class=\"has-inline-color has-dark-gray-color\">Nuestras redes<\/span><\/strong>:<\/p>\n\n\n\n<figure class=\"wp-block-table aligncenter\"><table><tbody><tr><td class=\"has-text-align-center\" data-align=\"center\"><a href=\"https:\/\/www.facebook.com\/extremeneria\" data-type=\"URL\" data-id=\"https:\/\/www.facebook.com\/extremeneria\" target=\"_blank\" rel=\"noreferrer noopener\"><img loading=\"lazy\" decoding=\"async\" width=\"33\" height=\"33\" class=\"wp-image-1157\" style=\"width: 33px;\" src=\"https:\/\/extremeneria.com\/wp-content\/uploads\/2022\/02\/facebook_verde.png\" alt=\"\"><\/a><\/td><td><strong><span class=\"has-inline-color has-accent-color\"><a href=\"https:\/\/www.facebook.com\/extremeneria\">extremeneria<\/a><\/span><\/strong><\/td><\/tr><tr><td class=\"has-text-align-center\" data-align=\"center\"><a href=\"https:\/\/www.instagram.com\/extremeneria\/\" data-type=\"URL\" data-id=\"https:\/\/www.instagram.com\/extremeneria\/\" target=\"_blank\" rel=\"noreferrer noopener\"><img loading=\"lazy\" decoding=\"async\" width=\"33\" height=\"33\" class=\"wp-image-1158\" style=\"width: 33px;\" src=\"https:\/\/extremeneria.com\/wp-content\/uploads\/2022\/02\/instagram_verde.png\" alt=\"\"><\/a><\/td><td><strong><span class=\"has-inline-color has-accent-color\"><a href=\"https:\/\/www.instagram.com\/extremeneria\/\">extremeneria<\/a><\/span><\/strong><\/td><\/tr><tr><td class=\"has-text-align-center\" data-align=\"center\"><a href=\"https:\/\/twitter.com\/extremeneria\" data-type=\"URL\" data-id=\"https:\/\/twitter.com\/extremeneria\" target=\"_blank\" rel=\"noreferrer noopener\"><img loading=\"lazy\" decoding=\"async\" width=\"33\" height=\"33\" class=\"wp-image-1159\" style=\"width: 33px;\" src=\"https:\/\/extremeneria.com\/wp-content\/uploads\/2022\/02\/twitter_verde.png\" alt=\"\"><\/a><\/td><td><strong><span class=\"has-inline-color has-accent-color\"><a href=\"https:\/\/twitter.com\/extremeneria\">extremeneria<\/a><\/span><\/strong><\/td><\/tr><tr><td class=\"has-text-align-center\" data-align=\"center\"><a href=\"https:\/\/www.youtube.com\/channel\/UC20Af8I9aoV7T9BZqqpmSpQ\" data-type=\"URL\" data-id=\"https:\/\/www.youtube.com\/channel\/UC20Af8I9aoV7T9BZqqpmSpQ\" target=\"_blank\" rel=\"noreferrer noopener\"><img loading=\"lazy\" decoding=\"async\" width=\"33\" height=\"33\" class=\"wp-image-1160\" style=\"width: 33px;\" src=\"https:\/\/extremeneria.com\/wp-content\/uploads\/2022\/02\/youtube_verde.png\" alt=\"\"><\/a><\/td><td><strong><span class=\"has-inline-color has-accent-color\"><a href=\"https:\/\/www.youtube.com\/channel\/UC20Af8I9aoV7T9BZqqpmSpQ\">extreme\u00f1eria<\/a><\/span><\/strong><\/td><\/tr><tr><td class=\"has-text-align-center\" data-align=\"center\"><a href=\"https:\/\/www.tiktok.com\/@extremeneria\"><img loading=\"lazy\" decoding=\"async\" width=\"30\" height=\"30\" class=\"wp-image-3376\" style=\"width: 30px;\" src=\"https:\/\/extremeneria.com\/wp-content\/uploads\/2023\/02\/logo-icone-tiktok-simbolo-vert.png\" alt=\"\" srcset=\"https:\/\/extremeneria.com\/wp-content\/uploads\/2023\/02\/logo-icone-tiktok-simbolo-vert.png 512w, https:\/\/extremeneria.com\/wp-content\/uploads\/2023\/02\/logo-icone-tiktok-simbolo-vert-300x300.png 300w, https:\/\/extremeneria.com\/wp-content\/uploads\/2023\/02\/logo-icone-tiktok-simbolo-vert-150x150.png 150w\" sizes=\"auto, (max-width: 30px) 100vw, 30px\" \/><\/a><\/td><td><a href=\"https:\/\/www.tiktok.com\/@extremeneria\"><strong>extremeneria<\/strong><\/a><\/td><\/tr><tr><td class=\"has-text-align-center\" data-align=\"center\"><a href=\"https:\/\/t.me\/+FI48P5aaKREwZThk\"><img loading=\"lazy\" decoding=\"async\" width=\"25\" height=\"25\" class=\"wp-image-3396\" style=\"width: 25px;\" src=\"https:\/\/extremeneria.com\/wp-content\/uploads\/2023\/02\/telegram-verde.png\" alt=\"\" srcset=\"https:\/\/extremeneria.com\/wp-content\/uploads\/2023\/02\/telegram-verde.png 256w, https:\/\/extremeneria.com\/wp-content\/uploads\/2023\/02\/telegram-verde-150x150.png 150w\" sizes=\"auto, (max-width: 25px) 100vw, 25px\" \/><\/a><\/td><td><strong><a href=\"https:\/\/t.me\/+FI48P5aaKREwZThk\">Grupo Extreme\u00f1er\u00eda<\/a><\/strong><\/td><\/tr><tr><td class=\"has-text-align-center\" data-align=\"center\"><img loading=\"lazy\" decoding=\"async\" width=\"33\" height=\"33\" class=\"wp-image-1156\" style=\"width: 33px;\" src=\"https:\/\/extremeneria.com\/wp-content\/uploads\/2022\/02\/correo_verde.png\" alt=\"\"><\/td><td><strong><span class=\"has-inline-color has-accent-color\">extremeneria@gmail.com<\/span><\/strong><\/td><\/tr><\/tbody><\/table><\/figure>\n\n\n\n<p class=\"has-text-align-justify\">Tambi\u00e9n estamos inmersos en el proceso de territorializaci\u00f3n. Creamos grupos territoriales para trabajar por nuestra tierra tanto dentro de&nbsp;<strong>EXTREMADURA&nbsp;<\/strong>como en otras regiones. Puedes contactar con nosotros para colaborar, formar parte de ellos o construir uno nuevo all\u00ed donde no estamos.<\/p>\n\n\n\n<figure class=\"wp-block-table aligncenter\"><table><tbody><tr><td class=\"has-text-align-left\" data-align=\"left\"><img loading=\"lazy\" decoding=\"async\" width=\"75\" height=\"75\" class=\"wp-image-1188\" style=\"width: 75px;\" src=\"https:\/\/extremeneria.com\/wp-content\/uploads\/2022\/02\/2-icono-madrid.png\" alt=\"\"><\/td><td><span class=\"has-inline-color has-accent-color\"><strong><font size=\"2\">extremeneria.madrid@gmail.com<\/font><\/strong><\/span><\/td><\/tr><tr><td class=\"has-text-align-left\" data-align=\"left\"><img loading=\"lazy\" decoding=\"async\" width=\"75\" height=\"75\" class=\"wp-image-1187\" style=\"width: 75px;\" src=\"https:\/\/extremeneria.com\/wp-content\/uploads\/2022\/02\/1-icono-extremadura.png\" alt=\"\"><\/td><td><span class=\"has-inline-color has-accent-color\"><strong><font size=\"2\">extremeneria.interior@gmail.com<\/font><\/strong><\/span><\/td><\/tr><\/tbody><\/table><\/figure>\n<\/div>\n\n\n\n<div class=\"wp-block-column is-vertically-aligned-center is-layout-flow wp-block-column-is-layout-flow\" style=\"flex-basis:66.66%\">\n<figure class=\"wp-block-table\"><table><tbody><tr><td>\n<div class=\"wpcf7 no-js\" id=\"wpcf7-f115-o1\" lang=\"es-ES\" dir=\"ltr\">\n<div class=\"screen-reader-response\"><p role=\"status\" aria-live=\"polite\" aria-atomic=\"true\"><\/p> <ul><\/ul><\/div>\n<form action=\"\/index.php\/wp-json\/wp\/v2\/pages\/58#wpcf7-f115-o1\" method=\"post\" class=\"wpcf7-form init\" aria-label=\"Formulario de contacto\" novalidate=\"novalidate\" data-status=\"init\">\n<div style=\"display: none;\">\n<input type=\"hidden\" name=\"_wpcf7\" value=\"115\" \/>\n<input type=\"hidden\" name=\"_wpcf7_version\" value=\"5.7.4\" \/>\n<input type=\"hidden\" name=\"_wpcf7_locale\" value=\"es_ES\" \/>\n<input type=\"hidden\" name=\"_wpcf7_unit_tag\" value=\"wpcf7-f115-o1\" \/>\n<input type=\"hidden\" name=\"_wpcf7_container_post\" value=\"0\" \/>\n<input type=\"hidden\" name=\"_wpcf7_posted_data_hash\" value=\"\" \/>\n<\/div>\n<p style=\"color:#006400\"><B>\n\t\t<FONT SIZE=5>PETICI\u00d3N INFORMACI\u00d3N:\n\t\t<\/font><\/b>\n<\/p>\n<!-- \/wp:paragraph -->\n<p><label>\n\t\t<style=\"color:black;\"><b>Nombre:<\/b>\n <span class=\"wpcf7-form-control-wrap\" data-name=\"your-name\"><input size=\"40\" class=\"wpcf7-form-control wpcf7-text wpcf7-validates-as-required\" aria-required=\"true\" aria-invalid=\"false\" value=\"\" type=\"text\" name=\"your-name\" \/><\/span>\n\t\t<\/style=\"color:black;\"><\/label>\n<\/p>\n<p><label>\n\t\t<style=\"color:black;\"><b>Correo electr\u00f3nico:<\/b>\n <span class=\"wpcf7-form-control-wrap\" data-name=\"your-email\"><input size=\"40\" class=\"wpcf7-form-control wpcf7-text wpcf7-email wpcf7-validates-as-required wpcf7-validates-as-email\" aria-required=\"true\" aria-invalid=\"false\" value=\"\" type=\"email\" name=\"your-email\" \/><\/span>\n\t\t<\/style=\"color:black;\"><\/label>\n<\/p>\n<p><label>\n\t\t<style=\"color:black;\"><b>Tu mensaje:<\/b>\n <span class=\"wpcf7-form-control-wrap\" data-name=\"your-message\"><textarea cols=\"40\" rows=\"10\" class=\"wpcf7-form-control wpcf7-textarea wpcf7-validates-as-required\" aria-required=\"true\" aria-invalid=\"false\" name=\"your-message\"><\/textarea><\/span>\n\t\t<\/style=\"color:black;\"><\/label>\n<\/p>\n<p><label><br \/>\n\t\t<style=\"text-align: justify;\">\n<span class=\"wpcf7-form-control-wrap\" data-name=\"AceptoSubcripcion\"><span class=\"wpcf7-form-control wpcf7-acceptance optional\"><span class=\"wpcf7-list-item\"><input type=\"checkbox\" name=\"AceptoSubcripcion\" value=\"1\" aria-invalid=\"false\" \/><\/span><\/span><\/span> S\u00ed, quiero recibir informaci\u00f3n peri\u00f3dica de las actividades de la asociaci\u00f3n.\n\t\t<\/style=\"text-align:><\/label><br \/>\n<label><br \/>\n\t\t<style=\"text-align: justify;\">\n<span class=\"wpcf7-form-control-wrap\" data-name=\"acceptance-203\"><span class=\"wpcf7-form-control wpcf7-acceptance\"><span class=\"wpcf7-list-item\"><input type=\"checkbox\" name=\"acceptance-203\" value=\"1\" aria-invalid=\"false\" \/><\/span><\/span><\/span> S\u00ed, acepto la <a href=\"https:\/\/extremeneria.com\/index.php\/politica-de-privacidad\/\">pol\u00edtica de privacidad.<\/a>\n\t\t\t<FONT SIZE=2>\nINFORMACI\u00d3N B\u00c1SICA SOBRE PROTECCI\u00d3N DE DATOS:\nResponsable: Extreme\u00f1er\u00eda: Env\u00edo de informaci\u00f3n solicitada, gesti\u00f3n de suscripciones a la newsletter, env\u00edo de informaci\u00f3n comercial. Legitimaci\u00f3n: Consentimiento del interesado. Destinatarios: Extreme\u00f1er\u00eda como plataforma de env\u00edo de newsletters recibir\u00e1 datos para gestionar las suscripciones. Derechos: Tiene derecho a acceder, rectificar y suprimir los datos, as\u00ed como otros derechos, indicados en la informaci\u00f3n adicional, que puede ejercer enviando un correo electr\u00f3nico con copia de NIF a nuestra direcci\u00f3n electr\u00f3nica: extremeneria@gmail.com Procedencia: El propio interesado. Informaci\u00f3n adicional: Puede consultar informaci\u00f3n adicional y detallada sobre Protecci\u00f3n de Datos en nuestra p\u00e1gina web: www.extremeneria.com\n\t\t\t<\/font>\n\t\t<\/style=\"text-align:><\/label>\n<\/p>\n<p><input class=\"wpcf7-form-control has-spinner wpcf7-submit\" type=\"submit\" value=\"Enviar\" \/>\n<\/p>\n\n<div class=\"wpcf7-response-output\" aria-hidden=\"true\"><\/div>\n<\/form>\n<\/div>\n<\/td><\/tr><\/tbody><\/table><\/figure>\n<\/div>\n<\/div>\n<\/div>\n<\/div>\n\n\n\n<div style=\"height:40px\" aria-hidden=\"true\" class=\"wp-block-spacer\"><\/div>\n\n\n\n<p class=\"has-text-align-justify\">Si decides dar un paso adelante y <strong><span class=\"has-inline-color has-accent-color\">trabajar por el futuro de nuestra<\/span><\/strong> <strong><span class=\"has-inline-color has-accent-color\">regi\u00f3n <\/span><\/strong>desde dentro de nuestra asociaci\u00f3n, puedes rellenar el formulario para hacerte socio aqu\u00ed:<\/p>\n\n\n\n<div style=\"height:50px\" aria-hidden=\"true\" class=\"wp-block-spacer\"><\/div>\n\n\n\n<div class=\"wp-block-buttons is-horizontal is-content-justification-center is-layout-flex wp-container-core-buttons-is-layout-1 wp-block-buttons-is-layout-flex\">\n<div class=\"wp-block-button\"><a class=\"wp-block-button__link wp-element-button\" href=\"https:\/\/extremeneria.com\/?page_id=1311&amp;preview=true\">QUIERO UNIRME<\/a><\/div>\n<\/div>\n\n\n\n<p>       <\/p>\n\n\n\n<p><\/p>\n","protected":false},"excerpt":{"rendered":"<p>Es hora de una VOZ PROPIA de la sociedad EXTREME\u00d1A.Es el momento propicio, demasiados trenes hemos perdido ya. TU VOZ tambi\u00e9n CUENTA. Si nos ofreces tu apoyo, adem\u00e1s de recibir notificaciones de inter\u00e9s extreme\u00f1o, podr\u00e1s aportar tus reivindicaciones a los manifiestos y participar en nuestros encuentros. El grado de compromiso con Extremadura lo pones t\u00fa.&hellip;<\/p>\n","protected":false},"author":1,"featured_media":0,"parent":0,"menu_order":0,"comment_status":"closed","ping_status":"closed","template":"","meta":[],"class_list":["post-58","page","type-page","status-publish","hentry","description-off"],"_links":{"self":[{"href":"https:\/\/extremeneria.com\/index.php\/wp-json\/wp\/v2\/pages\/58","targetHints":{"allow":["GET"]}}],"collection":[{"href":"https:\/\/extremeneria.com\/index.php\/wp-json\/wp\/v2\/pages"}],"about":[{"href":"https:\/\/extremeneria.com\/index.php\/wp-json\/wp\/v2\/types\/page"}],"author":[{"embeddable":true,"href":"https:\/\/extremeneria.com\/index.php\/wp-json\/wp\/v2\/users\/1"}],"replies":[{"embeddable":true,"href":"https:\/\/extremeneria.com\/index.php\/wp-json\/wp\/v2\/comments?post=58"}],"version-history":[{"count":105,"href":"https:\/\/extremeneria.com\/index.php\/wp-json\/wp\/v2\/pages\/58\/revisions"}],"predecessor-version":[{"id":3399,"href":"https:\/\/extremeneria.com\/index.php\/wp-json\/wp\/v2\/pages\/58\/revisions\/3399"}],"wp:attachment":[{"href":"https:\/\/extremeneria.com\/index.php\/wp-json\/wp\/v2\/media?parent=58"}],"curies":[{"name":"wp","href":"https:\/\/api.w.org\/{rel}","templated":true}]}}